{"id":96,"date":"2026-02-24T05:38:38","date_gmt":"2026-02-24T05:38:38","guid":{"rendered":"https:\/\/cristosal.wpenginepowered.com\/?page_id=96"},"modified":"2026-04-15T19:21:02","modified_gmt":"2026-04-15T19:21:02","slug":"privacy-policy","status":"publish","type":"page","link":"https:\/\/cristosal.org\/es\/privacy-policy\/","title":{"rendered":"pol\u00edtica de privacidad"},"content":{"rendered":"<div data-elementor-type=\"wp-page\" data-elementor-id=\"96\" class=\"elementor elementor-96\" data-elementor-post-type=\"page\">\n\t\t\t\t<div class=\"elementor-element elementor-element-f67c873 e-flex e-con-boxed e-con e-parent\" data-id=\"f67c873\" data-element_type=\"container\" data-e-type=\"container\">\n\t\t\t\t\t<div class=\"e-con-inner\">\n\t\t<div class=\"elementor-element elementor-element-498cbc4 e-con-full e-flex e-con e-child\" data-id=\"498cbc4\" data-element_type=\"container\" data-e-type=\"container\">\n\t\t<div class=\"elementor-element elementor-element-3ee34bd e-con-full e-flex e-con e-child\" data-id=\"3ee34bd\" data-element_type=\"container\" data-e-type=\"container\">\n\t\t\t\t<div class=\"elementor-element elementor-element-4999d2d elementor-widget elementor-widget-text-editor\" data-id=\"4999d2d\" data-element_type=\"widget\" data-e-type=\"widget\" data-widget_type=\"text-editor.default\">\n\t\t\t\t\t\t\t\t\t<p><span style=\"font-weight: 400;\">\u00daltima actualizaci\u00f3n: 15 de abril de 2026<\/span><\/p><h3><b><br \/>1. Introducci\u00f3n<\/b><\/h3><p><span style=\"font-weight: 400;\">Cristosal (\u201cnosotros\u201d, \u201cnos\u201d o \u201cnuestro\u201d) gestiona el sitio web cristosal.org (el \u201cSitio\u201d). Somos una organizaci\u00f3n sin \u00e1nimo de lucro dedicada a la defensa de los derechos humanos, comprometida con la transparencia y la protecci\u00f3n de la privacidad de todas las personas que visitan nuestro Sitio o participan en nuestro trabajo. Esta Pol\u00edtica de Privacidad explica qu\u00e9 informaci\u00f3n personal recopilamos, c\u00f3mo la utilizamos, con qui\u00e9n la compartimos y los derechos que usted tiene respecto a sus datos.<br \/><br \/><\/span><span style=\"font-weight: 400;\">Al utilizar este sitio web, usted acepta las pr\u00e1cticas descritas en esta Pol\u00edtica de Privacidad. Si no est\u00e1 de acuerdo, por favor, deje de utilizar el sitio web.<\/span><\/p><p>\u00a0<\/p><h3><b>2. Informaci\u00f3n que recopilamos<\/b><\/h3><h5><b>2.1 Informaci\u00f3n que usted proporciona directamente<\/b><\/h5><p><span style=\"font-weight: 400;\">Recopilamos la informaci\u00f3n personal que usted proporciona voluntariamente cuando:<\/span><\/p><ul><li style=\"font-weight: 400;\" aria-level=\"1\"><span style=\"font-weight: 400;\">Complete nuestro formulario de suscripci\u00f3n al bolet\u00edn informativo (nombre y direcci\u00f3n de correo electr\u00f3nico).<\/span><\/li><li style=\"font-weight: 400;\" aria-level=\"1\"><span style=\"font-weight: 400;\">Env\u00ede su consulta a trav\u00e9s del formulario de contacto (nombre, direcci\u00f3n de correo electr\u00f3nico y contenido del mensaje).<\/span><\/li><\/ul><h5><b>2.2 Informaci\u00f3n recopilada autom\u00e1ticamente<\/b><\/h5><p><span style=\"font-weight: 400;\">Cuando usted visita el Sitio, recopilamos autom\u00e1ticamente ciertos datos t\u00e9cnicos y de uso, entre los que se incluyen:<\/span><\/p><ul><li style=\"font-weight: 400;\" aria-level=\"1\"><span style=\"font-weight: 400;\">Direcci\u00f3n IP y ubicaci\u00f3n geogr\u00e1fica aproximada (pa\u00eds, regi\u00f3n o ciudad).<\/span><\/li><li style=\"font-weight: 400;\" aria-level=\"1\"><span style=\"font-weight: 400;\">Tipo de navegador, sistema operativo e informaci\u00f3n del dispositivo.<\/span><\/li><li style=\"font-weight: 400;\" aria-level=\"1\"><span style=\"font-weight: 400;\">P\u00e1ginas visitadas, tiempo de permanencia en las p\u00e1ginas y URL de referencia.<\/span><\/li><li style=\"font-weight: 400;\" aria-level=\"1\"><span style=\"font-weight: 400;\">Cookies y tecnolog\u00edas de seguimiento similares (v\u00e9ase la secci\u00f3n 5).<\/span><\/li><\/ul><h5><b>2.3 Datos sensibles<\/b><\/h5><p><span style=\"font-weight: 400;\">No recopilamos intencionadamente datos personales sensibles, como origen racial o \u00e9tnico, opiniones pol\u00edticas, creencias religiosas, informaci\u00f3n m\u00e9dica o n\u00fameros de cuentas financieras. Nuestro trabajo se centra en cuestiones de derechos humanos en Centroam\u00e9rica; si usted comparte voluntariamente informaci\u00f3n sensible a trav\u00e9s de un formulario de contacto, la trataremos con la m\u00e1xima discreci\u00f3n y confidencialidad.<\/span><\/p><p>\u00a0<\/p><h3><b>3. C\u00f3mo utilizamos su informaci\u00f3n<\/b><\/h3><p><span style=\"font-weight: 400;\">Utilizamos la informaci\u00f3n personal que recopilamos para los siguientes fines:<\/span><\/p><ul><li style=\"font-weight: 400;\" aria-level=\"1\"><span style=\"font-weight: 400;\">Para enviarle nuestro bolet\u00edn informativo y novedades sobre el trabajo de Cristosal (con su consentimiento).<\/span><\/li><li style=\"font-weight: 400;\" aria-level=\"1\"><span style=\"font-weight: 400;\">Para responder a las consultas y la correspondencia recibidas a trav\u00e9s del formulario de contacto.<\/span><\/li><li style=\"font-weight: 400;\" aria-level=\"1\"><span style=\"font-weight: 400;\">Para analizar el tr\u00e1fico del sitio y mejorar nuestro contenido y la experiencia del usuario (a trav\u00e9s de Google Analytics).<\/span><\/li><li style=\"font-weight: 400;\" aria-level=\"1\"><span style=\"font-weight: 400;\">Para comprender c\u00f3mo los visitantes descubren e interact\u00faan con nuestro sitio (a trav\u00e9s de Facebook\/Meta Pixel).<\/span><\/li><li style=\"font-weight: 400;\" aria-level=\"1\"><span style=\"font-weight: 400;\">Gestionar las relaciones y comunicaciones con nuestros simpatizantes a trav\u00e9s de Bloomerang, nuestra plataforma de gesti\u00f3n de relaciones con los constituyentes (CRM).<\/span><\/li><li style=\"font-weight: 400;\" aria-level=\"1\"><span style=\"font-weight: 400;\">Para cumplir con las obligaciones legales y proteger nuestros derechos legales.<\/span><\/li><\/ul><p>\u00a0<\/p><p><span style=\"font-weight: 400;\">No utilizaremos su informaci\u00f3n personal para fines incompatibles con los enumerados anteriormente sin obtener previamente su consentimiento.<\/span><\/p><p>\u00a0<\/p><h3><b>4. Base jur\u00eddica para el tratamiento de datos (RGPD)<\/b><\/h3><p><span style=\"font-weight: 400;\">Si usted se encuentra en la Uni\u00f3n Europea o en el Espacio Econ\u00f3mico Europeo, nuestras bases legales para el tratamiento de sus datos personales en virtud del Reglamento General de Protecci\u00f3n de Datos (RGPD) son:<\/span><\/p><ul><li style=\"font-weight: 400;\" aria-level=\"1\"><b>Consentir:<\/b><span style=\"font-weight: 400;\"> Para suscripciones al bolet\u00edn informativo y el uso de cookies no esenciales (por ejemplo, para an\u00e1lisis y seguimiento de marketing). Puede revocar su consentimiento en cualquier momento.<\/span><\/li><li style=\"font-weight: 400;\" aria-level=\"1\"><b>Intereses leg\u00edtimos: <\/b><span style=\"font-weight: 400;\">Para analizar el uso del sitio y prevenir el fraude, siempre que estos intereses no prevalezcan sobre sus derechos.<\/span><\/li><li style=\"font-weight: 400;\" aria-level=\"1\"><b>Obligaci\u00f3n legal: <\/b><span style=\"font-weight: 400;\">Cuando el procesamiento sea necesario para cumplir con la legislaci\u00f3n aplicable.<\/span><\/li><\/ul><p>\u00a0<\/p><h3><b>5. Cookies y tecnolog\u00edas de seguimiento<\/b><\/h3><h5><b>5.1 Lo que utilizamos<\/b><\/h5><p><span style=\"font-weight: 400;\">Nuestro sitio web utiliza las siguientes cookies y herramientas de seguimiento:<\/span><\/p><ul><li style=\"font-weight: 400;\" aria-level=\"1\"><b>Google Analytics: <\/b><span style=\"font-weight: 400;\">Recopila datos anonimizados sobre el tr\u00e1fico del sitio y el comportamiento del usuario para ayudarnos a comprender c\u00f3mo los visitantes usan cristosal.org. Google puede utilizar estos datos de acuerdo con su propia pol\u00edtica de privacidad (<\/span><a href=\"http:\/\/policies.google.com\/privacy\"><span style=\"font-weight: 400;\">policies.google.com\/privacidad<\/span><\/a><span style=\"font-weight: 400;\">).<\/span><\/li><li style=\"font-weight: 400;\" aria-level=\"1\"><b>Facebook\/Meta Pixel: <\/b><span style=\"font-weight: 400;\">Registra las acciones de los visitantes en nuestro sitio para ayudarnos a medir la efectividad de nuestro contenido en las plataformas de redes sociales. Meta puede utilizar estos datos de acuerdo con su propia pol\u00edtica de privacidad (<\/span><a href=\"http:\/\/facebook.com\/privacy\/policy\"><span style=\"font-weight: 400;\">facebook.com\/privacidad\/pol\u00edtica<\/span><\/a><span style=\"font-weight: 400;\">).<\/span><\/li><li style=\"font-weight: 400;\" aria-level=\"1\"><b>Cookies esenciales: <\/b><span style=\"font-weight: 400;\">T\u00e9cnicamente necesario para que el sitio funcione correctamente.<\/span><\/li><\/ul><h5><b>5.2 Tus opciones de cookies<\/b><\/h5><p><span style=\"font-weight: 400;\">Puedes controlar o desactivar las cookies a trav\u00e9s de la configuraci\u00f3n de tu navegador. Tambi\u00e9n puedes desactivar el seguimiento de Google Analytics instalando el complemento de inhabilitaci\u00f3n de Google Analytics para navegadores (tools.google.com\/dlpage\/gaoptout). Para desactivar la recopilaci\u00f3n de datos de Meta, visita facebook.com\/settings\/?tab=ads.<\/span><\/p><p>\u00a0<\/p><p><span style=\"font-weight: 400;\">Tenga en cuenta que deshabilitar ciertas cookies puede afectar la funcionalidad del sitio.<\/span><\/p><p>\u00a0<\/p><h3><b>6. Proveedores de servicios externos<\/b><\/h3><p><span style=\"font-weight: 400;\">Compartimos su informaci\u00f3n personal con los siguientes proveedores de servicios de confianza que nos ayudan a operar el Sitio y a cumplir nuestra misi\u00f3n:<\/span><\/p><ul><li style=\"font-weight: 400;\" aria-level=\"1\"><span style=\"font-weight: 400;\">Google LLC (Google Analytics): an\u00e1lisis y medici\u00f3n del rendimiento del sitio web.<\/span><\/li><li style=\"font-weight: 400;\" aria-level=\"1\"><span style=\"font-weight: 400;\">Meta Platforms, Inc. (Facebook Pixel): an\u00e1lisis de redes sociales y medici\u00f3n del alcance.<\/span><\/li><li style=\"font-weight: 400;\" aria-level=\"1\"><span style=\"font-weight: 400;\">Bloomerang: gesti\u00f3n de relaciones con los miembros de organizaciones sin fines de lucro, env\u00edo de boletines informativos y comunicaci\u00f3n con los simpatizantes.<\/span><\/li><\/ul><p>\u00a0<\/p><p><span style=\"font-weight: 400;\">Estos proveedores act\u00faan como encargados del tratamiento de datos en nuestro nombre y est\u00e1n obligados contractualmente a proteger sus datos y utilizarlos \u00fanicamente para los servicios que nos prestan. No vendemos su informaci\u00f3n personal a terceros.<\/span><\/p><p>\u00a0<\/p><h3><b>7. Retenci\u00f3n de datos<\/b><\/h3><p><span style=\"font-weight: 400;\">Conservamos su informaci\u00f3n personal \u00fanicamente durante el tiempo necesario para los fines descritos en esta Pol\u00edtica, o seg\u00fan lo exija la ley:<\/span><\/p><ul><li style=\"font-weight: 400;\" aria-level=\"1\"><b>Suscriptores del bolet\u00edn informativo: <\/b><span style=\"font-weight: 400;\">Conservaremos sus datos hasta que cancele su suscripci\u00f3n.<\/span><\/li><li style=\"font-weight: 400;\" aria-level=\"1\"><b>Env\u00edo de formularios de contacto:<\/b><span style=\"font-weight: 400;\"> Se conservar\u00e1 durante un m\u00e1ximo de tres (3) a\u00f1os para correspondencia y fines legales.<\/span><\/li><li style=\"font-weight: 400;\" aria-level=\"1\"><b>Datos anal\u00edticos:<\/b><span style=\"font-weight: 400;\"> Se conservan seg\u00fan la configuraci\u00f3n predeterminada de Google Analytics (26 meses para los datos a nivel de usuario).<\/span><\/li><li style=\"font-weight: 400;\" aria-level=\"1\"><b>Registros CRM de Bloomerang:<\/b><span style=\"font-weight: 400;\"> Conservados de conformidad con los requisitos de mantenimiento de registros aplicables a las organizaciones sin fines de lucro.<\/span><\/li><\/ul><p>\u00a0<\/p><h3><b>8. Sus derechos de privacidad<\/b><\/h3><h5><b>8.1 Todos los usuarios<\/b><\/h5><p><span style=\"font-weight: 400;\">Independientemente de su ubicaci\u00f3n, usted tiene derecho a:<\/span><\/p><ul><li style=\"font-weight: 400;\" aria-level=\"1\"><span style=\"font-weight: 400;\">Solicita acceso a la informaci\u00f3n personal que tenemos sobre ti.<\/span><\/li><li style=\"font-weight: 400;\" aria-level=\"1\"><span style=\"font-weight: 400;\">Solicitar la correcci\u00f3n de datos inexactos.<\/span><\/li><li style=\"font-weight: 400;\" aria-level=\"1\"><span style=\"font-weight: 400;\">Puedes darte de baja de nuestro bolet\u00edn informativo en cualquier momento a trav\u00e9s del enlace para cancelar la suscripci\u00f3n que encontrar\u00e1s en cualquier correo electr\u00f3nico.<\/span><\/li><li style=\"font-weight: 400;\" aria-level=\"1\"><span style=\"font-weight: 400;\">P\u00f3ngase en contacto con nosotros si tiene alguna pregunta o inquietud relacionada con la privacidad.<\/span><\/li><\/ul><h5><b>8.2 Residentes de California (CCPA\/CPRA)<\/b><\/h5><p><span style=\"font-weight: 400;\">Si reside en California, tiene derechos adicionales en virtud de la Ley de Privacidad del Consumidor de California (CCPA) y la Ley de Derechos de Privacidad de California (CPRA), incluyendo el derecho a saber qu\u00e9 informaci\u00f3n personal recopilamos y c\u00f3mo se utiliza, el derecho a eliminar su informaci\u00f3n personal, el derecho a corregir informaci\u00f3n inexacta y el derecho a oponerse a la venta o el intercambio de su informaci\u00f3n personal. No vendemos informaci\u00f3n personal. Para ejercer sus derechos en California, cont\u00e1ctenos en <\/span><a href=\"mailto:info@cristosal.org\"><span style=\"font-weight: 400;\">info@cristosal.org<\/span><\/a><span style=\"font-weight: 400;\">.<\/span><\/p><h5><b>8.3 Residentes de la UE\/EEE (RGPD)<\/b><\/h5><p><span style=\"font-weight: 400;\">Si reside en la Uni\u00f3n Europea o el Espacio Econ\u00f3mico Europeo, tiene derecho a acceder, rectificar, suprimir, restringir u oponerse al tratamiento de sus datos personales, derecho a la portabilidad de los datos y derecho a presentar una reclamaci\u00f3n ante la autoridad de control local. Para ejercer estos derechos, p\u00f3ngase en contacto con nosotros en <\/span><a href=\"mailto:info@cristosal.org\"><span style=\"font-weight: 400;\">info@cristosal.org<\/span><\/a><span style=\"font-weight: 400;\">.<\/span><\/p><h5><b>8.4 Honduras<\/b><\/h5><p><span style=\"font-weight: 400;\">Honduras reconoce el derecho a la privacidad en virtud del Art\u00edculo 76 de la Constituci\u00f3n y la Ley de Transparencia y Acceso a la Informaci\u00f3n P\u00fablica (LTAIP). Las personas en Honduras pueden solicitar el acceso y la correcci\u00f3n de sus datos personales poni\u00e9ndose en contacto con nosotros en <\/span><a href=\"mailto:info@cristosal.org\"><span style=\"font-weight: 400;\">info@cristosal.org<\/span><\/a><span style=\"font-weight: 400;\">.<\/span><\/p><h5><b>8.5 El Salvador<\/b><\/h5><p><span style=\"font-weight: 400;\">La Ley de Acceso a la Informaci\u00f3n P\u00fablica (LAIP) de El Salvador y las protecciones constitucionales de privacidad (Art\u00edculo 2) protegen los datos personales de las personas. Las personas en El Salvador pueden solicitar acceso, correcci\u00f3n o eliminaci\u00f3n de sus datos personales comunic\u00e1ndose con nosotros en <\/span><a href=\"mailto:info@cristosal.org\"><span style=\"font-weight: 400;\">info@cristosal.org<\/span><\/a><span style=\"font-weight: 400;\">.<\/span><\/p><h5><b>8.6 Guatemala<\/b><\/h5><p><span style=\"font-weight: 400;\">Guatemala reconoce el derecho a la privacidad en virtud de su Constituci\u00f3n (Art\u00edculo 24) y la Ley de Acceso a la Informaci\u00f3n P\u00fablica (Decreto 57-2008). Las personas en Guatemala pueden solicitar acceso o correcci\u00f3n de sus datos personales que obran en poder de Cristosal poni\u00e9ndose en contacto con nosotros en <\/span><a href=\"mailto:info@cristosal.org\"><span style=\"font-weight: 400;\">info@cristosal.org<\/span><\/a><span style=\"font-weight: 400;\">.<\/span><\/p><p>\u00a0<\/p><h3><b>9. Transferencias internacionales de datos<\/b><\/h3><p><span style=\"font-weight: 400;\">Cristosal tiene su sede en Estados Unidos. Si accede al sitio web desde fuera de Estados Unidos, tenga en cuenta que su informaci\u00f3n se transferir\u00e1 y procesar\u00e1 all\u00ed, donde las leyes de protecci\u00f3n de datos pueden diferir de las de su pa\u00eds. Al utilizar el sitio web, usted acepta esta transferencia. Cuando as\u00ed lo exija la legislaci\u00f3n aplicable (como el RGPD), implementamos las medidas de seguridad adecuadas para las transferencias internacionales de datos.<\/span><\/p><p>\u00a0<\/p><h3><b>10. Privacidad de los ni\u00f1os<\/b><\/h3><p><span style=\"font-weight: 400;\">Este sitio web no est\u00e1 dirigido a menores de 13 a\u00f1os, y no recopilamos informaci\u00f3n personal de menores de 13 a\u00f1os de forma intencionada. Si cree que hemos recopilado informaci\u00f3n de un menor de 13 a\u00f1os por error, p\u00f3ngase en contacto con nosotros inmediatamente en info@cristosal.org para que podamos eliminarla.<\/span><\/p><p>\u00a0<\/p><h3><b>11. Seguridad de los datos<\/b><\/h3><p><span style=\"font-weight: 400;\">Implementamos medidas de seguridad administrativas, t\u00e9cnicas y f\u00edsicas razonables para proteger su informaci\u00f3n personal contra el acceso, la divulgaci\u00f3n, la alteraci\u00f3n o la destrucci\u00f3n no autorizados. Sin embargo, ninguna transmisi\u00f3n de datos a trav\u00e9s de internet puede garantizarse como 100% segura. Le recomendamos que tenga precauci\u00f3n al compartir informaci\u00f3n personal en l\u00ednea.<\/span><\/p><p>\u00a0<\/p><h3><b>12. Enlaces a sitios de terceros<\/b><\/h3><p><span style=\"font-weight: 400;\">Este sitio web puede contener enlaces a sitios web de terceros. No nos hacemos responsables de las pr\u00e1cticas de privacidad de dichos sitios y le recomendamos que revise sus pol\u00edticas de privacidad antes de proporcionar cualquier informaci\u00f3n personal.<\/span><\/p><p>\u00a0<\/p><h3><b>13. Cambios a esta Pol\u00edtica de Privacidad<\/b><\/h3><p><span style=\"font-weight: 400;\">Podemos actualizar esta Pol\u00edtica de Privacidad peri\u00f3dicamente para reflejar cambios en nuestras pr\u00e1cticas o en la legislaci\u00f3n aplicable. Cuando lo hagamos, revisaremos la fecha de \u201c\u00daltima actualizaci\u00f3n\u201d que aparece en la parte superior de esta p\u00e1gina. Le recomendamos que revise esta Pol\u00edtica con regularidad. El uso continuado del Sitio tras la publicaci\u00f3n de los cambios implica la aceptaci\u00f3n de la Pol\u00edtica revisada.<\/span><\/p><p>\u00a0<\/p><h3><b>14. Cont\u00e1ctanos<\/b><\/h3><p><span style=\"font-weight: 400;\">Si tiene alguna pregunta, inquietud o solicitud relacionada con esta Pol\u00edtica de Privacidad o nuestras pr\u00e1cticas de datos, p\u00f3ngase en contacto con nosotros:<\/span><\/p><p>\u00a0<\/p><h3><b>Cristosal<\/b><\/h3><p><span style=\"font-weight: 400;\">Correo electr\u00f3nico: info@cristosal.org<\/span><\/p><p><span style=\"font-weight: 400;\">Sitio web: cristosal.org<\/span><\/p>\t\t\t\t\t\t\t\t<\/div>\n\t\t\t\t<\/div>\n\t\t\t\t<\/div>\n\t\t\t\t\t<\/div>\n\t\t\t\t<\/div>\n\t\t\t\t<\/div>","protected":false},"excerpt":{"rendered":"<p>Last Updated: April 15, 2026 1. Introduction Cristosal (\u201cwe,\u201d \u201cus,\u201d or \u201cour\u201d) operates the website cristosal.org (the \u201cSite\u201d). We are a nonprofit human rights organization committed to transparency and to protecting the privacy of everyone who visits our Site or engages with our work. This Privacy Policy explains what personal information we collect, how we [&hellip;]<\/p>\n","protected":false},"author":2,"featured_media":18934,"parent":0,"menu_order":0,"comment_status":"closed","ping_status":"closed","template":"","meta":{"_seopress_robots_primary_cat":"","_seopress_titles_title":"","_seopress_titles_desc":"","_seopress_robots_index":"","inline_featured_image":false,"footnotes":""},"class_list":["post-96","page","type-page","status-publish","has-post-thumbnail","hentry"],"_links":{"self":[{"href":"https:\/\/cristosal.org\/es\/wp-json\/wp\/v2\/pages\/96","targetHints":{"allow":["GET"]}}],"collection":[{"href":"https:\/\/cristosal.org\/es\/wp-json\/wp\/v2\/pages"}],"about":[{"href":"https:\/\/cristosal.org\/es\/wp-json\/wp\/v2\/types\/page"}],"author":[{"embeddable":true,"href":"https:\/\/cristosal.org\/es\/wp-json\/wp\/v2\/users\/2"}],"replies":[{"embeddable":true,"href":"https:\/\/cristosal.org\/es\/wp-json\/wp\/v2\/comments?post=96"}],"version-history":[{"count":0,"href":"https:\/\/cristosal.org\/es\/wp-json\/wp\/v2\/pages\/96\/revisions"}],"wp:featuredmedia":[{"embeddable":true,"href":"https:\/\/cristosal.org\/es\/wp-json\/wp\/v2\/media\/18934"}],"wp:attachment":[{"href":"https:\/\/cristosal.org\/es\/wp-json\/wp\/v2\/media?parent=96"}],"curies":[{"name":"wp","href":"https:\/\/api.w.org\/{rel}","templated":true}]}}