{"id":244,"date":"2026-02-26T17:38:27","date_gmt":"2026-02-26T17:38:27","guid":{"rendered":"https:\/\/cristosal.wpenginepowered.com\/?page_id=244"},"modified":"2026-04-15T18:38:04","modified_gmt":"2026-04-15T18:38:04","slug":"donate","status":"publish","type":"page","link":"https:\/\/cristosal.org\/es\/donate\/","title":{"rendered":"Dona"},"content":{"rendered":"<div data-elementor-type=\"wp-page\" data-elementor-id=\"244\" class=\"elementor elementor-244\" data-elementor-post-type=\"page\">\n\t\t\t\t<div class=\"elementor-element elementor-element-365cf52 e-con-full e-flex e-con e-parent\" data-id=\"365cf52\" data-element_type=\"container\" data-e-type=\"container\">\n\t\t<div class=\"elementor-element elementor-element-c093d6c e-grid e-con-full e-con e-child\" data-id=\"c093d6c\" data-element_type=\"container\" data-e-type=\"container\">\n\t\t<div class=\"elementor-element elementor-element-3916e82 e-con-full e-flex e-con e-child\" data-id=\"3916e82\" data-element_type=\"container\" data-e-type=\"container\" data-settings=\"{&quot;background_background&quot;:&quot;classic&quot;}\">\n\t\t\t\t<\/div>\n\t\t<div class=\"elementor-element elementor-element-9dade2a e-con-full e-flex e-con e-child\" data-id=\"9dade2a\" data-element_type=\"container\" data-e-type=\"container\" data-settings=\"{&quot;background_background&quot;:&quot;classic&quot;}\">\n\t\t\t\t<div class=\"elementor-element elementor-element-294707e elementor-widget__width-inherit elementor-widget elementor-widget-heading\" data-id=\"294707e\" data-element_type=\"widget\" data-e-type=\"widget\" data-widget_type=\"heading.default\">\n\t\t\t\t\t<h2 class=\"elementor-heading-title elementor-size-default\">Apoya a quienes defienden los derechos humanos\n<\/h2>\t\t\t\t<\/div>\n\t\t\t\t<div class=\"elementor-element elementor-element-1155c70 elementor-widget elementor-widget-text-editor\" data-id=\"1155c70\" data-element_type=\"widget\" data-e-type=\"widget\" data-widget_type=\"text-editor.default\">\n\t\t\t\t\t\t\t\t\t<p>En toda Centroam\u00e9rica, las personas siguen enfrentando corrupci\u00f3n, represi\u00f3n y abusos de poder.<br \/><br \/>Cristosal trabaja junto a v\u00edctimas, comunidades y personas defensoras para documentar violaciones, exigir rendici\u00f3n de cuentas y asegurar que sus voces sean escuchadas.<br \/><br \/>Este trabajo solo es posible porque personas como t\u00fa deciden acompa\u00f1arlas.<\/p>\t\t\t\t\t\t\t\t<\/div>\n\t\t\t\t<div class=\"elementor-element elementor-element-3105e96 e-transform elementor-widget elementor-widget-menu-anchor\" data-id=\"3105e96\" data-element_type=\"widget\" data-e-type=\"widget\" data-settings=\"{&quot;_transform_translateY_effect&quot;:{&quot;unit&quot;:&quot;px&quot;,&quot;size&quot;:-220,&quot;sizes&quot;:[]},&quot;_transform_translateX_effect&quot;:{&quot;unit&quot;:&quot;px&quot;,&quot;size&quot;:&quot;&quot;,&quot;sizes&quot;:[]},&quot;_transform_translateX_effect_widescreen&quot;:{&quot;unit&quot;:&quot;px&quot;,&quot;size&quot;:&quot;&quot;,&quot;sizes&quot;:[]},&quot;_transform_translateX_effect_tablet_extra&quot;:{&quot;unit&quot;:&quot;px&quot;,&quot;size&quot;:&quot;&quot;,&quot;sizes&quot;:[]},&quot;_transform_translateX_effect_tablet&quot;:{&quot;unit&quot;:&quot;px&quot;,&quot;size&quot;:&quot;&quot;,&quot;sizes&quot;:[]},&quot;_transform_translateX_effect_mobile&quot;:{&quot;unit&quot;:&quot;px&quot;,&quot;size&quot;:&quot;&quot;,&quot;sizes&quot;:[]},&quot;_transform_translateY_effect_widescreen&quot;:{&quot;unit&quot;:&quot;px&quot;,&quot;size&quot;:&quot;&quot;,&quot;sizes&quot;:[]},&quot;_transform_translateY_effect_tablet_extra&quot;:{&quot;unit&quot;:&quot;px&quot;,&quot;size&quot;:&quot;&quot;,&quot;sizes&quot;:[]},&quot;_transform_translateY_effect_tablet&quot;:{&quot;unit&quot;:&quot;px&quot;,&quot;size&quot;:&quot;&quot;,&quot;sizes&quot;:[]},&quot;_transform_translateY_effect_mobile&quot;:{&quot;unit&quot;:&quot;px&quot;,&quot;size&quot;:&quot;&quot;,&quot;sizes&quot;:[]}}\" data-widget_type=\"menu-anchor.default\">\n\t\t\t\t\t\t\t<div class=\"elementor-menu-anchor\" id=\"today\"><\/div>\n\t\t\t\t\t\t<\/div>\n\t\t\t\t<div class=\"elementor-element elementor-element-cc8aaa0 elementor-align-left elementor-widget elementor-widget-button\" data-id=\"cc8aaa0\" data-element_type=\"widget\" data-e-type=\"widget\" data-widget_type=\"button.default\">\n\t\t\t\t\t\t\t\t\t\t<a class=\"elementor-button elementor-button-link elementor-size-sm\" href=\"https:\/\/crm.bloomerang.co\/HostedDonation?ApiKey=pub_496d9ca7-93f6-11eb-b1fa-060cfd9bde37&#038;WidgetId=1928192\" target=\"_blank\">\n\t\t\t\t\t\t<span class=\"elementor-button-content-wrapper\">\n\t\t\t\t\t\t\t\t\t<span class=\"elementor-button-text\">Dona hoy<\/span>\n\t\t\t\t\t<\/span>\n\t\t\t\t\t<\/a>\n\t\t\t\t\t\t\t\t<\/div>\n\t\t\t\t<\/div>\n\t\t\t\t<\/div>\n\t\t\t\t<\/div>\n\t\t<div class=\"elementor-element elementor-element-09a1894 e-grid e-con-boxed e-con e-parent\" data-id=\"09a1894\" data-element_type=\"container\" data-e-type=\"container\">\n\t\t\t\t\t<div class=\"e-con-inner\">\n\t\t<div class=\"elementor-element elementor-element-04b3acb e-con-full e-flex e-con e-child\" data-id=\"04b3acb\" data-element_type=\"container\" data-e-type=\"container\">\n\t\t\t\t<div class=\"elementor-element elementor-element-224e591 elementor-widget elementor-widget-heading\" data-id=\"224e591\" data-element_type=\"widget\" data-e-type=\"widget\" data-widget_type=\"heading.default\">\n\t\t\t\t\t<h2 class=\"elementor-heading-title elementor-size-default\">Tu apoyo hace posible este trabajo\n<\/h2>\t\t\t\t<\/div>\n\t\t\t\t<div class=\"elementor-element elementor-element-bbd4e84 elementor-widget elementor-widget-menu-anchor\" data-id=\"bbd4e84\" data-element_type=\"widget\" data-e-type=\"widget\" data-widget_type=\"menu-anchor.default\">\n\t\t\t\t\t\t\t<div class=\"elementor-menu-anchor\" id=\"other-ways\"><\/div>\n\t\t\t\t\t\t<\/div>\n\t\t\t\t<\/div>\n\t\t\t\t<div class=\"elementor-element elementor-element-c9bdfaa elementor-widget elementor-widget-text-editor\" data-id=\"c9bdfaa\" data-element_type=\"widget\" data-e-type=\"widget\" data-widget_type=\"text-editor.default\">\n\t\t\t\t\t\t\t\t\t<p>Cristosal documenta violaciones de derechos humanos, preserva evidencia y promueve la rendici\u00f3n de cuentas mediante litigio estrat\u00e9gico e incidencia. Tu apoyo contribuye a proteger a personas que enfrentan persecuci\u00f3n y a que la verdad, la justicia y la voz c\u00edvica perduren en Centroam\u00e9rica.<\/p>\t\t\t\t\t\t\t\t<\/div>\n\t\t\t\t\t<\/div>\n\t\t\t\t<\/div>\n\t\t<div class=\"elementor-element elementor-element-eefc52a e-grid e-con-boxed e-con e-parent\" data-id=\"eefc52a\" data-element_type=\"container\" data-e-type=\"container\">\n\t\t\t\t\t<div class=\"e-con-inner\">\n\t\t<div class=\"elementor-element elementor-element-70d2dde e-con-full e-flex e-con e-child\" data-id=\"70d2dde\" data-element_type=\"container\" data-e-type=\"container\">\n\t\t\t\t<div class=\"elementor-element elementor-element-9f23374 elementor-widget elementor-widget-heading\" data-id=\"9f23374\" data-element_type=\"widget\" data-e-type=\"widget\" data-widget_type=\"heading.default\">\n\t\t\t\t\t<h2 class=\"elementor-heading-title elementor-size-default\">Transparencia y rendici\u00f3n de cuentas<\/h2>\t\t\t\t<\/div>\n\t\t\t\t<div class=\"elementor-element elementor-element-0b22da4 elementor-widget elementor-widget-menu-anchor\" data-id=\"0b22da4\" data-element_type=\"widget\" data-e-type=\"widget\" data-widget_type=\"menu-anchor.default\">\n\t\t\t\t\t\t\t<div class=\"elementor-menu-anchor\" id=\"donor-recognition\"><\/div>\n\t\t\t\t\t\t<\/div>\n\t\t<div class=\"elementor-element elementor-element-6843d2a e-con-full e-flex e-con e-child\" data-id=\"6843d2a\" data-element_type=\"container\" data-e-type=\"container\">\n\t\t<div class=\"elementor-element elementor-element-9f4fa0b e-con-full e-flex e-con e-child\" data-id=\"9f4fa0b\" data-element_type=\"container\" data-e-type=\"container\">\n\t\t\t\t<div class=\"elementor-element elementor-element-d44c9d5 elementor-widget elementor-widget-heading\" data-id=\"d44c9d5\" data-element_type=\"widget\" data-e-type=\"widget\" data-widget_type=\"heading.default\">\n\t\t\t\t\t<h4 class=\"elementor-heading-title elementor-size-default\">Impacto basado en evidencia\n<\/h4>\t\t\t\t<\/div>\n\t\t\t\t<div class=\"elementor-element elementor-element-95b38b9 elementor-widget-divider--view-line elementor-widget elementor-widget-divider\" data-id=\"95b38b9\" data-element_type=\"widget\" data-e-type=\"widget\" data-widget_type=\"divider.default\">\n\t\t\t\t\t\t\t<div class=\"elementor-divider\">\n\t\t\t<span class=\"elementor-divider-separator\">\n\t\t\t\t\t\t<\/span>\n\t\t<\/div>\n\t\t\t\t\t\t<\/div>\n\t\t\t\t<div class=\"elementor-element elementor-element-c8e4063 elementor-widget elementor-widget-text-editor\" data-id=\"c8e4063\" data-element_type=\"widget\" data-e-type=\"widget\" data-widget_type=\"text-editor.default\">\n\t\t\t\t\t\t\t\t\t<p>El trabajo de Cristosal se sustenta en investigaci\u00f3n rigurosa, documentaci\u00f3n y an\u00e1lisis legal. Nuestros informes, investigaciones y acciones de incidencia contribuyen a procesos reales de rendici\u00f3n de cuentas en la regi\u00f3n.<br \/><br \/>Hacemos p\u00fablicos nuestros hallazgos para que gobiernos, instituciones y la comunidad internacional no puedan ignorar los abusos documentados.<\/p>\t\t\t\t\t\t\t\t<\/div>\n\t\t\t\t<\/div>\n\t\t<div class=\"elementor-element elementor-element-45220f2 e-con-full e-flex e-con e-child\" data-id=\"45220f2\" data-element_type=\"container\" data-e-type=\"container\">\n\t\t\t\t<div class=\"elementor-element elementor-element-2725af9 elementor-widget elementor-widget-heading\" data-id=\"2725af9\" data-element_type=\"widget\" data-e-type=\"widget\" data-widget_type=\"heading.default\">\n\t\t\t\t\t<h4 class=\"elementor-heading-title elementor-size-default\">Compromiso a largo plazo<\/h4>\t\t\t\t<\/div>\n\t\t\t\t<div class=\"elementor-element elementor-element-2374b18 elementor-widget-divider--view-line elementor-widget elementor-widget-divider\" data-id=\"2374b18\" data-element_type=\"widget\" data-e-type=\"widget\" data-widget_type=\"divider.default\">\n\t\t\t\t\t\t\t<div class=\"elementor-divider\">\n\t\t\t<span class=\"elementor-divider-separator\">\n\t\t\t\t\t\t<\/span>\n\t\t<\/div>\n\t\t\t\t\t\t<\/div>\n\t\t\t\t<div class=\"elementor-element elementor-element-547e5e3 elementor-widget elementor-widget-text-editor\" data-id=\"547e5e3\" data-element_type=\"widget\" data-e-type=\"widget\" data-widget_type=\"text-editor.default\">\n\t\t\t\t\t\t\t\t\t<p>La defensa de los derechos humanos requiere persistencia. Muchos de los casos que acompa\u00f1a Cristosal se extienden por a\u00f1os, incluso d\u00e9cadas.<br \/><br \/>Tu apoyo permite sostener estos esfuerzos a largo plazo, preservar la memoria hist\u00f3rica y fortalecer las instituciones democr\u00e1ticas.<\/p>\t\t\t\t\t\t\t\t<\/div>\n\t\t\t\t<\/div>\n\t\t\t\t<\/div>\n\t\t\t\t<\/div>\n\t\t<div class=\"elementor-element elementor-element-29e755c e-con-full e-flex e-con e-child\" data-id=\"29e755c\" data-element_type=\"container\" data-e-type=\"container\">\n\t\t\t\t<div class=\"elementor-element elementor-element-e8ebc66 elementor-widget elementor-widget-image\" data-id=\"e8ebc66\" data-element_type=\"widget\" data-e-type=\"widget\" data-widget_type=\"image.default\">\n\t\t\t\t\t\t\t\t\t\t\t\t\t\t\t<img alt=\"\" fetchpriority=\"high\" decoding=\"async\" width=\"765\" height=\"839\" src=\"https:\/\/cristosal.org\/wp-content\/uploads\/2026\/03\/IMG_donate-pag_Intro.png\" class=\"attachment-large size-large wp-image-19071\" srcset=\"https:\/\/cristosal.org\/wp-content\/uploads\/2026\/03\/IMG_donate-pag_Intro.png 765w, https:\/\/cristosal.org\/wp-content\/uploads\/2026\/03\/IMG_donate-pag_Intro-274x300.png 274w, https:\/\/cristosal.org\/wp-content\/uploads\/2026\/03\/IMG_donate-pag_Intro-11x12.png 11w\" sizes=\"(max-width: 765px) 100vw, 765px\" \/>\t\t\t\t\t\t\t\t\t\t\t\t\t\t\t<\/div>\n\t\t\t\t<\/div>\n\t\t\t\t\t<\/div>\n\t\t\t\t<\/div>\n\t\t<div class=\"elementor-element elementor-element-4368fbc e-con-full e-flex e-con e-parent\" data-id=\"4368fbc\" data-element_type=\"container\" data-e-type=\"container\" data-settings=\"{&quot;background_background&quot;:&quot;classic&quot;,&quot;shape_divider_top&quot;:&quot;tilt&quot;}\">\n\t\t\t\t<div class=\"elementor-shape elementor-shape-top\" aria-hidden=\"true\" data-negative=\"false\">\n\t\t\t<svg xmlns=\"http:\/\/www.w3.org\/2000\/svg\" viewbox=\"0 0 1000 100\" preserveaspectratio=\"none\">\n\t<path class=\"elementor-shape-fill\" d=\"M0,6V0h1000v100L0,6z\"\/>\n<\/svg>\t\t<\/div>\n\t\t<div class=\"elementor-element elementor-element-d0a6104 e-grid e-con-boxed e-con e-child\" data-id=\"d0a6104\" data-element_type=\"container\" data-e-type=\"container\">\n\t\t\t\t\t<div class=\"e-con-inner\">\n\t\t<div class=\"elementor-element elementor-element-c332d18 e-con-full e-flex e-con e-child\" data-id=\"c332d18\" data-element_type=\"container\" data-e-type=\"container\">\n\t\t<div class=\"elementor-element elementor-element-52301f1 e-con-full e-flex e-con e-child\" data-id=\"52301f1\" data-element_type=\"container\" data-e-type=\"container\">\n\t\t\t\t<div class=\"elementor-element elementor-element-b98e3ea elementor-widget elementor-widget-heading\" data-id=\"b98e3ea\" data-element_type=\"widget\" data-e-type=\"widget\" data-widget_type=\"heading.default\">\n\t\t\t\t\t<h4 class=\"elementor-heading-title elementor-size-default\">S\u00famate como donante mensual\n<\/h4>\t\t\t\t<\/div>\n\t\t\t\t<div class=\"elementor-element elementor-element-829393f elementor-widget elementor-widget-text-editor\" data-id=\"829393f\" data-element_type=\"widget\" data-e-type=\"widget\" data-widget_type=\"text-editor.default\">\n\t\t\t\t\t\t\t\t\t<p>El aporte mensual brinda un respaldo constante que permite a Cristosal responder con rapidez ante nuevas crisis de derechos humanos y sostener investigaciones, casos legales y acciones de protecci\u00f3n en el tiempo. Al convertirte en donante recurrente, contribuyes a que personas defensoras, sobrevivientes y comunidades no est\u00e9n solas en su b\u00fasqueda de justicia.<\/p>\t\t\t\t\t\t\t\t<\/div>\n\t\t\t\t<div class=\"elementor-element elementor-element-06b6999 elementor-align-left elementor-widget elementor-widget-button\" data-id=\"06b6999\" data-element_type=\"widget\" data-e-type=\"widget\" data-widget_type=\"button.default\">\n\t\t\t\t\t\t\t\t\t\t<a class=\"elementor-button elementor-button-link elementor-size-sm\" href=\"https:\/\/crm.bloomerang.co\/HostedDonation?ApiKey=pub_496d9ca7-93f6-11eb-b1fa-060cfd9bde37&#038;WidgetId=1928192\" target=\"_blank\">\n\t\t\t\t\t\t<span class=\"elementor-button-content-wrapper\">\n\t\t\t\t\t\t\t\t\t<span class=\"elementor-button-text\">Convi\u00e9rtete en colaborador mensual \u2192<\/span>\n\t\t\t\t\t<\/span>\n\t\t\t\t\t<\/a>\n\t\t\t\t\t\t\t\t<\/div>\n\t\t\t\t<\/div>\n\t\t\t\t<\/div>\n\t\t<div class=\"elementor-element elementor-element-e27cef3 e-con-full e-flex e-con e-child\" data-id=\"e27cef3\" data-element_type=\"container\" data-e-type=\"container\">\n\t\t<div class=\"elementor-element elementor-element-1461402 e-con-full e-flex e-con e-child\" data-id=\"1461402\" data-element_type=\"container\" data-e-type=\"container\">\n\t\t\t\t<div class=\"elementor-element elementor-element-16bc7a9 elementor-widget elementor-widget-heading\" data-id=\"16bc7a9\" data-element_type=\"widget\" data-e-type=\"widget\" data-widget_type=\"heading.default\">\n\t\t\t\t\t<h4 class=\"elementor-heading-title elementor-size-default\">Recaudaci\u00f3n de fondos para la defensa de derechos\n<\/h4>\t\t\t\t<\/div>\n\t\t\t\t<div class=\"elementor-element elementor-element-7e3e630 elementor-widget elementor-widget-text-editor\" data-id=\"7e3e630\" data-element_type=\"widget\" data-e-type=\"widget\" data-widget_type=\"text-editor.default\">\n\t\t\t\t\t\t\t\t\t<p>Convierte tu comunidad, red o evento en una oportunidad para apoyar los derechos humanos. Ya sea a trav\u00e9s de una campa\u00f1a personal, una iniciativa educativa, un encuentro comunitario o una recaudaci\u00f3n digital, puedes ayudar a generar recursos que sostengan la investigaci\u00f3n, la defensa legal y la incidencia en Centroam\u00e9rica.<\/p>\t\t\t\t\t\t\t\t<\/div>\n\t\t\t\t<div class=\"elementor-element elementor-element-187678c elementor-align-left elementor-widget elementor-widget-button\" data-id=\"187678c\" data-element_type=\"widget\" data-e-type=\"widget\" data-widget_type=\"button.default\">\n\t\t\t\t\t\t\t\t\t\t<a class=\"elementor-button elementor-button-link elementor-size-sm\" href=\"mailto:supportcristosal@cristosal.org\" target=\"_blank\">\n\t\t\t\t\t\t<span class=\"elementor-button-content-wrapper\">\n\t\t\t\t\t\t\t\t\t<span class=\"elementor-button-text\">Inicia una campa\u00f1a de recaudaci\u00f3n de fondos \u2192<\/span>\n\t\t\t\t\t<\/span>\n\t\t\t\t\t<\/a>\n\t\t\t\t\t\t\t\t<\/div>\n\t\t\t\t<\/div>\n\t\t\t\t<\/div>\n\t\t<div class=\"elementor-element elementor-element-8edba77 e-con-full e-flex e-con e-child\" data-id=\"8edba77\" data-element_type=\"container\" data-e-type=\"container\">\n\t\t\t\t<div class=\"elementor-element elementor-element-d080c46 elementor-widget elementor-widget-heading\" data-id=\"d080c46\" data-element_type=\"widget\" data-e-type=\"widget\" data-widget_type=\"heading.default\">\n\t\t\t\t\t<h4 class=\"elementor-heading-title elementor-size-default\">Haz un regalo que perdure\n<\/h4>\t\t\t\t<\/div>\n\t\t\t\t<div class=\"elementor-element elementor-element-b567575 elementor-widget elementor-widget-text-editor\" data-id=\"b567575\" data-element_type=\"widget\" data-e-type=\"widget\" data-widget_type=\"text-editor.default\">\n\t\t\t\t\t\t\t\t\t<p>Un legado solidario contribuye a que el trabajo de Cristosal contin\u00fae en el futuro. Al incluir a Cristosal en tus planes patrimoniales, apoyas esfuerzos de largo plazo para defender los derechos humanos, preservar la memoria hist\u00f3rica y fortalecer la democracia en la regi\u00f3n.<\/p>\t\t\t\t\t\t\t\t<\/div>\n\t\t\t\t<div class=\"elementor-element elementor-element-5ce17b0 elementor-align-left elementor-widget elementor-widget-button\" data-id=\"5ce17b0\" data-element_type=\"widget\" data-e-type=\"widget\" data-widget_type=\"button.default\">\n\t\t\t\t\t\t\t\t\t\t<a class=\"elementor-button elementor-button-link elementor-size-sm\" href=\"https:\/\/cristosal.org\/es\/make-a-lasting-gift\/\">\n\t\t\t\t\t\t<span class=\"elementor-button-content-wrapper\">\n\t\t\t\t\t\t\t\t\t<span class=\"elementor-button-text\">M\u00e1s informaci\u00f3n sobre donaciones testamentarias \u2192<\/span>\n\t\t\t\t\t<\/span>\n\t\t\t\t\t<\/a>\n\t\t\t\t\t\t\t\t<\/div>\n\t\t\t\t<\/div>\n\t\t\t\t\t<\/div>\n\t\t\t\t<\/div>\n\t\t\t\t<\/div>\n\t\t<div class=\"elementor-element elementor-element-c5069ee e-con-full e-flex e-con e-parent\" data-id=\"c5069ee\" data-element_type=\"container\" data-e-type=\"container\">\n\t\t<div class=\"elementor-element elementor-element-48f1905 e-flex e-con-boxed e-con e-child\" data-id=\"48f1905\" data-element_type=\"container\" data-e-type=\"container\" data-settings=\"{&quot;background_background&quot;:&quot;classic&quot;}\">\n\t\t\t\t\t<div class=\"e-con-inner\">\n\t\t\t\t<div class=\"elementor-element elementor-element-cd7be0e elementor-blockquote--skin-quotation elementor-blockquote--align-center elementor-widget elementor-widget-blockquote\" data-id=\"cd7be0e\" data-element_type=\"widget\" data-e-type=\"widget\" data-widget_type=\"blockquote.default\">\n\t\t\t\t\t\t\t<blockquote class=\"elementor-blockquote\">\n\t\t\t<p class=\"elementor-blockquote__content\">\n\t\t\t\t\u201cMis experiencias en El Salvador despertaron en m\u00ed un compromiso permanente no solo de apoyar econ\u00f3micamente el trabajo de Cristosal en Centroam\u00e9rica, sino tambi\u00e9n de llevar ese aprendizaje a mi propia comunidad.\u201d\n\t\t\t<\/p>\n\t\t\t\t\t\t\t<div class=\"e-q-footer\">\n\t\t\t\t\t\t\t\t\t\t\t<cite class=\"elementor-blockquote__author\">- Gary Russell, San Pedro<\/cite>\n\t\t\t\t\t\t\t\t\t\t\t\t\t\t<\/div>\n\t\t\t\t\t<\/blockquote>\n\t\t\t\t\t\t<\/div>\n\t\t\t\t\t<\/div>\n\t\t\t\t<\/div>\n\t\t\t\t<\/div>\n\t\t\t\t<\/div>","protected":false},"excerpt":{"rendered":"<p>Stand With Those Defending Human Rights Across Central America, people continue to confront corruption, repression, and abuse of power. Cristosal works alongside victims, communities, and defenders to document violations, pursue accountability, and ensure that their voices are heard. This work is only possible because people like you choose to stand with them. Donate Today Your [&hellip;]<\/p>\n","protected":false},"author":2,"featured_media":19312,"parent":0,"menu_order":0,"comment_status":"closed","ping_status":"closed","template":"","meta":{"_seopress_robots_primary_cat":"","_seopress_titles_title":"Donate","_seopress_titles_desc":"Stand with those defending human rights. Your support provides legal defense, protection, and advocacy for victims of repression in Central America.","_seopress_robots_index":"","inline_featured_image":false,"footnotes":""},"class_list":["post-244","page","type-page","status-publish","has-post-thumbnail","hentry"],"_links":{"self":[{"href":"https:\/\/cristosal.org\/es\/wp-json\/wp\/v2\/pages\/244","targetHints":{"allow":["GET"]}}],"collection":[{"href":"https:\/\/cristosal.org\/es\/wp-json\/wp\/v2\/pages"}],"about":[{"href":"https:\/\/cristosal.org\/es\/wp-json\/wp\/v2\/types\/page"}],"author":[{"embeddable":true,"href":"https:\/\/cristosal.org\/es\/wp-json\/wp\/v2\/users\/2"}],"replies":[{"embeddable":true,"href":"https:\/\/cristosal.org\/es\/wp-json\/wp\/v2\/comments?post=244"}],"version-history":[{"count":0,"href":"https:\/\/cristosal.org\/es\/wp-json\/wp\/v2\/pages\/244\/revisions"}],"wp:featuredmedia":[{"embeddable":true,"href":"https:\/\/cristosal.org\/es\/wp-json\/wp\/v2\/media\/19312"}],"wp:attachment":[{"href":"https:\/\/cristosal.org\/es\/wp-json\/wp\/v2\/media?parent=244"}],"curies":[{"name":"wp","href":"https:\/\/api.w.org\/{rel}","templated":true}]}}