{"id":18960,"date":"2026-03-19T14:44:18","date_gmt":"2026-03-19T14:44:18","guid":{"rendered":"https:\/\/cristosal.wpenginepowered.com\/?page_id=18960"},"modified":"2026-04-13T18:24:14","modified_gmt":"2026-04-13T18:24:14","slug":"report-a-human-rights-violation","status":"publish","type":"page","link":"https:\/\/cristosal.org\/es\/report-a-human-rights-violation\/","title":{"rendered":"Reporta una violaci\u00f3n de derechos humanos"},"content":{"rendered":"<div data-elementor-type=\"wp-page\" data-elementor-id=\"18960\" class=\"elementor elementor-18960\" data-elementor-post-type=\"page\">\n\t\t\t\t<div class=\"elementor-element elementor-element-462a12d e-flex e-con-boxed e-con e-parent\" data-id=\"462a12d\" data-element_type=\"container\" data-e-type=\"container\">\n\t\t\t\t\t<div class=\"e-con-inner\">\n\t\t<div class=\"elementor-element elementor-element-ed5b102 e-con-full e-flex e-con e-child\" data-id=\"ed5b102\" data-element_type=\"container\" data-e-type=\"container\">\n\t\t<div class=\"elementor-element elementor-element-65f2977 e-con-full e-flex e-con e-child\" data-id=\"65f2977\" data-element_type=\"container\" data-e-type=\"container\">\n\t\t\t\t<div class=\"elementor-element elementor-element-b139160 elementor-widget elementor-widget-heading\" data-id=\"b139160\" data-element_type=\"widget\" data-e-type=\"widget\" data-widget_type=\"heading.default\">\n\t\t\t\t\t<h3 class=\"elementor-heading-title elementor-size-default\">Si t\u00fa, tu comunidad u organizaci\u00f3n han vivido o presenciado una violaci\u00f3n de derechos humanos en El Salvador, Guatemala u Honduras, puedes compartir informaci\u00f3n con nuestro equipo a trav\u00e9s de los formularios a continuaci\u00f3n.<br><br>\nRevisamos la informaci\u00f3n recibida como parte de nuestro trabajo de documentaci\u00f3n, an\u00e1lisis legal e incidencia en la regi\u00f3n.\n<\/h3>\t\t\t\t<\/div>\n\t\t\t\t<\/div>\n\t\t<div class=\"elementor-element elementor-element-cdc41cd e-con-full e-flex e-con e-child\" data-id=\"cdc41cd\" data-element_type=\"container\" data-e-type=\"container\">\n\t\t\t\t<div class=\"elementor-element elementor-element-6471822 elementor-widget elementor-widget-image\" data-id=\"6471822\" data-element_type=\"widget\" data-e-type=\"widget\" data-widget_type=\"image.default\">\n\t\t\t\t\t\t\t\t\t\t\t\t\t\t\t<img alt=\"\" fetchpriority=\"high\" decoding=\"async\" width=\"800\" height=\"449\" src=\"https:\/\/cristosal.org\/wp-content\/uploads\/2026\/03\/I9A4067-1024x575.jpg\" class=\"attachment-large size-large wp-image-18963\" srcset=\"https:\/\/cristosal.org\/wp-content\/uploads\/2026\/03\/I9A4067-1024x575.jpg 1024w, https:\/\/cristosal.org\/wp-content\/uploads\/2026\/03\/I9A4067-300x168.jpg 300w, https:\/\/cristosal.org\/wp-content\/uploads\/2026\/03\/I9A4067-768x431.jpg 768w, https:\/\/cristosal.org\/wp-content\/uploads\/2026\/03\/I9A4067-1536x862.jpg 1536w, https:\/\/cristosal.org\/wp-content\/uploads\/2026\/03\/I9A4067-2048x1150.jpg 2048w, https:\/\/cristosal.org\/wp-content\/uploads\/2026\/03\/I9A4067-18x10.jpg 18w\" sizes=\"(max-width: 800px) 100vw, 800px\" \/>\t\t\t\t\t\t\t\t\t\t\t\t\t\t\t<\/div>\n\t\t\t\t<\/div>\n\t\t\t\t<\/div>\n\t\t\t\t\t<\/div>\n\t\t\t\t<\/div>\n\t\t<div class=\"elementor-element elementor-element-077e443 e-flex e-con-boxed e-con e-parent\" data-id=\"077e443\" data-element_type=\"container\" data-e-type=\"container\">\n\t\t\t\t\t<div class=\"e-con-inner\">\n\t\t<div class=\"elementor-element elementor-element-0470db2 e-con-full e-flex e-con e-child\" data-id=\"0470db2\" data-element_type=\"container\" data-e-type=\"container\">\n\t\t\t\t<div class=\"elementor-element elementor-element-9849ecf elementor-widget__width-initial elementor-widget-mobile__width-inherit elementor-widget elementor-widget-heading\" data-id=\"9849ecf\" data-element_type=\"widget\" data-e-type=\"widget\" data-widget_type=\"heading.default\">\n\t\t\t\t\t<h2 class=\"elementor-heading-title elementor-size-default\">Antes de enviar un caso\n<\/h2>\t\t\t\t<\/div>\n\t\t<div class=\"elementor-element elementor-element-2eae5e4 e-con-full e-flex e-con e-child\" data-id=\"2eae5e4\" data-element_type=\"container\" data-e-type=\"container\">\n\t\t\t\t<div class=\"elementor-element elementor-element-05766ce elementor-widget__width-initial elementor-widget-mobile__width-inherit elementor-widget elementor-widget-text-editor\" data-id=\"05766ce\" data-element_type=\"widget\" data-e-type=\"widget\" data-widget_type=\"text-editor.default\">\n\t\t\t\t\t\t\t\t\t<p>Enviar informaci\u00f3n a trav\u00e9s de estos formularios no implica autom\u00e1ticamente representaci\u00f3n legal, no garantiza intervenci\u00f3n ni establece una relaci\u00f3n abogado-cliente.<br \/><br \/>Debido a nuestras capacidades, las condiciones de seguridad y la naturaleza estrat\u00e9gica de nuestro trabajo, no podemos asumir todos los casos ni responder de inmediato a cada solicitud. La informaci\u00f3n que compartas puede contribuir a procesos de documentaci\u00f3n, informes p\u00fablicos o estrategias legales y de incidencia m\u00e1s amplias.<br \/><br \/>Si tu caso se encuentra dentro de nuestras \u00e1reas de trabajo y contamos con la capacidad para acompa\u00f1arlo, una persona de nuestro equipo podr\u00eda contactarte.<\/p><p>Por favor, comparte \u00fanicamente la informaci\u00f3n que considere segura de proporcionar a trav\u00e9s de este medio.<\/p>\t\t\t\t\t\t\t\t<\/div>\n\t\t\t\t<\/div>\n\t\t\t\t<\/div>\n\t\t\t\t\t<\/div>\n\t\t\t\t<\/div>\n\t\t<div class=\"elementor-element elementor-element-4bc2f4b e-flex e-con-boxed e-con e-parent\" data-id=\"4bc2f4b\" data-element_type=\"container\" data-e-type=\"container\">\n\t\t\t\t\t<div class=\"e-con-inner\">\n\t\t<div class=\"elementor-element elementor-element-1145000 e-con-full e-flex e-con e-child\" data-id=\"1145000\" data-element_type=\"container\" data-e-type=\"container\">\n\t\t\t\t<div class=\"elementor-element elementor-element-ec7837a elementor-widget elementor-widget-heading\" data-id=\"ec7837a\" data-element_type=\"widget\" data-e-type=\"widget\" data-widget_type=\"heading.default\">\n\t\t\t\t\t<h2 class=\"elementor-heading-title elementor-size-default\">Elija el formulario que mejor se adapte a su situaci\u00f3n.\n<\/h2>\t\t\t\t<\/div>\n\t\t\t\t<\/div>\n\t\t<div class=\"elementor-element elementor-element-8cf6e61 e-con-full e-flex e-con e-child\" data-id=\"8cf6e61\" data-element_type=\"container\" data-e-type=\"container\">\n\t\t<div class=\"elementor-element elementor-element-398db96 e-con-full e-flex e-con e-child\" data-id=\"398db96\" data-element_type=\"container\" data-e-type=\"container\">\n\t\t\t\t<div class=\"elementor-element elementor-element-e46b38b elementor-widget elementor-widget-heading\" data-id=\"e46b38b\" data-element_type=\"widget\" data-e-type=\"widget\" data-widget_type=\"heading.default\">\n\t\t\t\t\t<h4 class=\"elementor-heading-title elementor-size-default\">Violaciones colectivas de derechos humanos<\/h4>\t\t\t\t<\/div>\n\t\t\t\t<div class=\"elementor-element elementor-element-f400536 elementor-widget-divider--view-line elementor-widget elementor-widget-divider\" data-id=\"f400536\" data-element_type=\"widget\" data-e-type=\"widget\" data-widget_type=\"divider.default\">\n\t\t\t\t\t\t\t<div class=\"elementor-divider\">\n\t\t\t<span class=\"elementor-divider-separator\">\n\t\t\t\t\t\t<\/span>\n\t\t<\/div>\n\t\t\t\t\t\t<\/div>\n\t\t\t\t<div class=\"elementor-element elementor-element-d821a1a elementor-widget elementor-widget-text-editor\" data-id=\"d821a1a\" data-element_type=\"widget\" data-e-type=\"widget\" data-widget_type=\"text-editor.default\">\n\t\t\t\t\t\t\t\t\t<p><strong>Para grupos, comunidades, colectivos u organizaciones<\/strong><br \/><br \/>Utilice este formulario para reportar violaciones que afectan a un grupo o comunidad. La informaci\u00f3n nos ayuda a documentar patrones de abuso y evaluar posibles estrategias legales, de protecci\u00f3n o de incidencia.<\/p>\t\t\t\t\t\t\t\t<\/div>\n\t\t\t\t<div class=\"elementor-element elementor-element-03f5e66 elementor-widget elementor-widget-heading\" data-id=\"03f5e66\" data-element_type=\"widget\" data-e-type=\"widget\" data-widget_type=\"heading.default\">\n\t\t\t\t\t<h5 class=\"elementor-heading-title elementor-size-default\"><a href=\"https:\/\/sgc.cristosal.org\/entries\/formulario-de-casos-colectivos\" target=\"_blank\">Presentar un caso colectivo \u2192<\/a><\/h5>\t\t\t\t<\/div>\n\t\t\t\t<\/div>\n\t\t<div class=\"elementor-element elementor-element-9071884 e-con-full e-flex e-con e-child\" data-id=\"9071884\" data-element_type=\"container\" data-e-type=\"container\">\n\t\t\t\t<div class=\"elementor-element elementor-element-94dc2bc elementor-widget elementor-widget-heading\" data-id=\"94dc2bc\" data-element_type=\"widget\" data-e-type=\"widget\" data-widget_type=\"heading.default\">\n\t\t\t\t\t<h4 class=\"elementor-heading-title elementor-size-default\">Violaciones individuales de derechos humanos<\/h4>\t\t\t\t<\/div>\n\t\t\t\t<div class=\"elementor-element elementor-element-752aece elementor-widget-divider--view-line elementor-widget elementor-widget-divider\" data-id=\"752aece\" data-element_type=\"widget\" data-e-type=\"widget\" data-widget_type=\"divider.default\">\n\t\t\t\t\t\t\t<div class=\"elementor-divider\">\n\t\t\t<span class=\"elementor-divider-separator\">\n\t\t\t\t\t\t<\/span>\n\t\t<\/div>\n\t\t\t\t\t\t<\/div>\n\t\t\t\t<div class=\"elementor-element elementor-element-27bad56 elementor-widget elementor-widget-text-editor\" data-id=\"27bad56\" data-element_type=\"widget\" data-e-type=\"widget\" data-widget_type=\"text-editor.default\">\n\t\t\t\t\t\t\t\t\t<p><strong>Para personas que reportan un caso individual<\/strong><\/p><p>Utiliza este formulario para reportar una violaci\u00f3n que te afecta a ti o a otra persona. Revisamos cada env\u00edo para determinar si es posible brindar apoyo en documentaci\u00f3n, an\u00e1lisis legal o incidencia.<\/p>\t\t\t\t\t\t\t\t<\/div>\n\t\t\t\t<div class=\"elementor-element elementor-element-d881133 elementor-widget elementor-widget-heading\" data-id=\"d881133\" data-element_type=\"widget\" data-e-type=\"widget\" data-widget_type=\"heading.default\">\n\t\t\t\t\t<h5 class=\"elementor-heading-title elementor-size-default\"><a href=\"https:\/\/sgc.cristosal.org\/entries\/formulario-de-casos-individuales\" target=\"_blank\">Presentar un caso individual \u2192<\/a><\/h5>\t\t\t\t<\/div>\n\t\t\t\t<\/div>\n\t\t<div class=\"elementor-element elementor-element-f8eb8ad e-con-full e-flex e-con e-child\" data-id=\"f8eb8ad\" data-element_type=\"container\" data-e-type=\"container\">\n\t\t\t\t<div class=\"elementor-element elementor-element-20fdbf6 elementor-widget elementor-widget-heading\" data-id=\"20fdbf6\" data-element_type=\"widget\" data-e-type=\"widget\" data-widget_type=\"heading.default\">\n\t\t\t\t\t<h4 class=\"elementor-heading-title elementor-size-default\">Remisi\u00f3n institucional de casos<\/h4>\t\t\t\t<\/div>\n\t\t\t\t<div class=\"elementor-element elementor-element-f58f359 elementor-widget-divider--view-line elementor-widget elementor-widget-divider\" data-id=\"f58f359\" data-element_type=\"widget\" data-e-type=\"widget\" data-widget_type=\"divider.default\">\n\t\t\t\t\t\t\t<div class=\"elementor-divider\">\n\t\t\t<span class=\"elementor-divider-separator\">\n\t\t\t\t\t\t<\/span>\n\t\t<\/div>\n\t\t\t\t\t\t<\/div>\n\t\t\t\t<div class=\"elementor-element elementor-element-54f2310 elementor-widget elementor-widget-text-editor\" data-id=\"54f2310\" data-element_type=\"widget\" data-e-type=\"widget\" data-widget_type=\"text-editor.default\">\n\t\t\t\t\t\t\t\t\t<p><strong>Para organizaciones que remiten casos<br \/><\/strong><br \/>Este formulario est\u00e1 dirigido a instituciones u organizaciones aliadas que desean remitir casos individuales. La informaci\u00f3n proporcionada nos permite documentar abusos y evaluar posibles acciones legales o de incidencia.<\/p>\t\t\t\t\t\t\t\t<\/div>\n\t\t\t\t<div class=\"elementor-element elementor-element-3d663ff elementor-widget elementor-widget-heading\" data-id=\"3d663ff\" data-element_type=\"widget\" data-e-type=\"widget\" data-widget_type=\"heading.default\">\n\t\t\t\t\t<h5 class=\"elementor-heading-title elementor-size-default\"><a href=\"https:\/\/sgc.cristosal.org\/entries\/formulario-de-derivacion-de-casos\" target=\"_blank\">Enviar una recomendaci\u00f3n \u2192<\/a><\/h5>\t\t\t\t<\/div>\n\t\t\t\t<\/div>\n\t\t\t\t<\/div>\n\t\t\t\t\t<\/div>\n\t\t\t\t<\/div>\n\t\t\t\t<\/div>","protected":false},"excerpt":{"rendered":"<p>If you, your community, or organization has experienced or witnessed a human rights violation in El Salvador, Guatemala, or Honduras, you may share information with our team through the forms below. We review submissions as part of our documentation, legal analysis, and advocacy work across the region. Before You Submit a Case Submitting information through [&hellip;]<\/p>\n","protected":false},"author":2,"featured_media":18934,"parent":0,"menu_order":0,"comment_status":"closed","ping_status":"closed","template":"","meta":{"_seopress_robots_primary_cat":"","_seopress_titles_title":"Report a Human Rights Violation","_seopress_titles_desc":"If you have experienced or witnessed a human rights violation in El Salvador, Guatemala, or Honduras, share information with our team through these forms.","_seopress_robots_index":"","inline_featured_image":false,"footnotes":""},"class_list":["post-18960","page","type-page","status-publish","has-post-thumbnail","hentry"],"_links":{"self":[{"href":"https:\/\/cristosal.org\/es\/wp-json\/wp\/v2\/pages\/18960","targetHints":{"allow":["GET"]}}],"collection":[{"href":"https:\/\/cristosal.org\/es\/wp-json\/wp\/v2\/pages"}],"about":[{"href":"https:\/\/cristosal.org\/es\/wp-json\/wp\/v2\/types\/page"}],"author":[{"embeddable":true,"href":"https:\/\/cristosal.org\/es\/wp-json\/wp\/v2\/users\/2"}],"replies":[{"embeddable":true,"href":"https:\/\/cristosal.org\/es\/wp-json\/wp\/v2\/comments?post=18960"}],"version-history":[{"count":0,"href":"https:\/\/cristosal.org\/es\/wp-json\/wp\/v2\/pages\/18960\/revisions"}],"wp:featuredmedia":[{"embeddable":true,"href":"https:\/\/cristosal.org\/es\/wp-json\/wp\/v2\/media\/18934"}],"wp:attachment":[{"href":"https:\/\/cristosal.org\/es\/wp-json\/wp\/v2\/media?parent=18960"}],"curies":[{"name":"wp","href":"https:\/\/api.w.org\/{rel}","templated":true}]}}