{"id":163,"date":"2026-02-24T19:22:32","date_gmt":"2026-02-24T19:22:32","guid":{"rendered":"https:\/\/cristosal.wpenginepowered.com\/?page_id=163"},"modified":"2026-04-15T10:29:57","modified_gmt":"2026-04-15T10:29:57","slug":"our-team","status":"publish","type":"page","link":"https:\/\/cristosal.org\/es\/our-team\/","title":{"rendered":"Nuestro equipo"},"content":{"rendered":"<div data-elementor-type=\"wp-page\" data-elementor-id=\"163\" class=\"elementor elementor-163\" data-elementor-post-type=\"page\">\n\t\t\t\t<div class=\"elementor-element elementor-element-f12660c e-flex e-con-boxed e-con e-parent\" data-id=\"f12660c\" data-element_type=\"container\" data-e-type=\"container\">\n\t\t\t\t\t<div class=\"e-con-inner\">\n\t\t<div class=\"elementor-element elementor-element-9635dd9 e-con-full e-flex e-con e-child\" data-id=\"9635dd9\" data-element_type=\"container\" data-e-type=\"container\">\n\t\t<div class=\"elementor-element elementor-element-e63794c e-con-full e-flex e-con e-child\" data-id=\"e63794c\" data-element_type=\"container\" data-e-type=\"container\">\n\t\t\t\t<div class=\"elementor-element elementor-element-cb4d7c4 elementor-widget__width-initial elementor-widget-mobile__width-inherit elementor-widget elementor-widget-text-editor\" data-id=\"cb4d7c4\" data-element_type=\"widget\" data-e-type=\"widget\" data-widget_type=\"text-editor.default\">\n\t\t\t\t\t\t\t\t\t<p>El trabajo de Cristosal es impulsado por un equipo multidisciplinario comprometido con la defensa de los derechos humanos, la documentaci\u00f3n de abusos y el acompa\u00f1amiento a comunidades que buscan justicia en Centroam\u00e9rica.<br \/><br \/>Nuestro equipo y liderazgo trabajan junto a personas sobrevivientes, defensoras de derechos humanos y organizaciones de la sociedad civil para fortalecer la rendici\u00f3n de cuentas, preservar la verdad y proteger el espacio c\u00edvico en El Salvador, Guatemala y Honduras.<\/p>\t\t\t\t\t\t\t\t<\/div>\n\t\t\t\t<div class=\"elementor-element elementor-element-168d248 elementor-widget elementor-widget-video\" data-id=\"168d248\" data-element_type=\"widget\" data-e-type=\"widget\" data-settings=\"{&quot;youtube_url&quot;:&quot;https:\\\/\\\/www.youtube.com\\\/watch?v=hjf7PzD1RHg&quot;,&quot;show_image_overlay&quot;:&quot;yes&quot;,&quot;image_overlay&quot;:{&quot;url&quot;:&quot;https:\\\/\\\/cristosal.org\\\/wp-content\\\/uploads\\\/2026\\\/03\\\/maxresdefault-9.jpg&quot;,&quot;id&quot;:345,&quot;size&quot;:&quot;&quot;,&quot;alt&quot;:&quot;&quot;,&quot;source&quot;:&quot;library&quot;},&quot;video_type&quot;:&quot;youtube&quot;,&quot;controls&quot;:&quot;yes&quot;}\" data-widget_type=\"video.default\">\n\t\t\t\t\t\t\t<div class=\"elementor-wrapper elementor-open-inline\">\n\t\t\t<div class=\"elementor-video\"><\/div>\t\t\t\t<div class=\"elementor-custom-embed-image-overlay\" style=\"background-image: url(https:\/\/cristosal.org\/wp-content\/uploads\/2026\/03\/maxresdefault-9.jpg);\">\n\t\t\t\t\t\t\t\t\t\t\t\t\t\t\t\t<div class=\"elementor-custom-embed-play\" role=\"button\" aria-label=\"Reproducir v\u00eddeo\" tabindex=\"0\">\n\t\t\t\t\t\t\t<svg aria-hidden=\"true\" class=\"e-font-icon-svg e-eicon-play\" viewbox=\"0 0 1000 1000\" xmlns=\"http:\/\/www.w3.org\/2000\/svg\"><path d=\"M838 162C746 71 633 25 500 25 371 25 258 71 163 162 71 254 25 367 25 500 25 633 71 746 163 837 254 929 367 979 500 979 633 979 746 933 838 837 929 746 975 633 975 500 975 367 929 254 838 162M808 192C892 279 933 379 933 500 933 621 892 725 808 808 725 892 621 938 500 938 379 938 279 896 196 808 113 725 67 621 67 500 67 379 108 279 196 192 279 108 383 62 500 62 621 62 721 108 808 192M438 392V642L642 517 438 392Z\"><\/path><\/svg>\t\t\t\t\t\t<\/div>\n\t\t\t\t\t\t\t\t\t<\/div>\n\t\t\t\t\t<\/div>\n\t\t\t\t\t\t<\/div>\n\t\t\t\t<\/div>\n\t\t\t\t<\/div>\n\t\t\t\t\t<\/div>\n\t\t\t\t<\/div>\n\t\t<div class=\"elementor-element elementor-element-87b6f28 e-flex e-con-boxed e-con e-parent\" data-id=\"87b6f28\" data-element_type=\"container\" data-e-type=\"container\">\n\t\t\t\t\t<div class=\"e-con-inner\">\n\t\t<div class=\"elementor-element elementor-element-0e33e94 e-con-full e-flex e-con e-child\" data-id=\"0e33e94\" data-element_type=\"container\" data-e-type=\"container\">\n\t\t<div class=\"elementor-element elementor-element-d242479 e-con-full e-flex e-con e-child\" data-id=\"d242479\" data-element_type=\"container\" data-e-type=\"container\">\n\t\t\t\t<div class=\"elementor-element elementor-element-7b7e3b2 elementor-widget elementor-widget-heading\" data-id=\"7b7e3b2\" data-element_type=\"widget\" data-e-type=\"widget\" data-widget_type=\"heading.default\">\n\t\t\t\t\t<h2 class=\"elementor-heading-title elementor-size-default\">Staff<\/h2>\t\t\t\t<\/div>\n\t\t\t\t<div class=\"elementor-element elementor-element-ed7c3fd elementor-widget elementor-widget-text-editor\" data-id=\"ed7c3fd\" data-element_type=\"widget\" data-e-type=\"widget\" data-widget_type=\"text-editor.default\">\n\t\t\t\t\t\t\t\t\t<p>El trabajo de Cristosal es llevado adelante por un equipo multidisciplinario conformado por personas defensoras de derechos humanos, investigadoras, psic\u00f3logas, trabajadoras sociales, abogadas, comunicadoras y otras profesionales con base en toda Centroam\u00e9rica.<br \/><br \/>Nuestro equipo re\u00fane trayectorias diversas en derecho, investigaci\u00f3n, documentaci\u00f3n forense, pol\u00edticas p\u00fablicas, comunicaci\u00f3n y organizaci\u00f3n comunitaria. Muchas de estas personas han dedicado su trabajo a acompa\u00f1ar a v\u00edctimas de violencia, enfrentar la corrupci\u00f3n, defender el espacio c\u00edvico y fortalecer las instituciones democr\u00e1ticas.<br \/><br \/>Tras la suspensi\u00f3n de las operaciones de Cristosal en El Salvador en 2025 debido al aumento de la represi\u00f3n, integrantes del equipo salvadore\u00f1o contin\u00faan su labor desde nuestras oficinas en Guatemala.<br \/><br \/>El equipo incluye especialistas legales, periodistas, personas de pueblos ind\u00edgenas, cient\u00edficas y cient\u00edficos sociales, expertas en protecci\u00f3n y defensoras con un profundo conocimiento de las realidades pol\u00edticas y sociales de El Salvador, Guatemala y Honduras. Muchas mantienen v\u00ednculos personales y profesionales con las comunidades m\u00e1s afectadas por violaciones de derechos humanos.<br \/><br \/>En conjunto, articulan investigaci\u00f3n rigurosa, experiencia legal e incidencia p\u00fablica para defender derechos, documentar abusos y acompa\u00f1ar a quienes buscan justicia en la regi\u00f3n.<\/p>\t\t\t\t\t\t\t\t<\/div>\n\t\t\t\t<\/div>\n\t\t<div class=\"elementor-element elementor-element-98011c6 e-con-full e-flex e-con e-child\" data-id=\"98011c6\" data-element_type=\"container\" data-e-type=\"container\">\n\t\t\t\t<div class=\"elementor-element elementor-element-11447f6 elementor-widget elementor-widget-image\" data-id=\"11447f6\" data-element_type=\"widget\" data-e-type=\"widget\" data-widget_type=\"image.default\">\n\t\t\t\t\t\t\t\t\t\t\t\t\t\t\t<img alt=\"\" fetchpriority=\"high\" decoding=\"async\" width=\"755\" height=\"793\" src=\"https:\/\/cristosal.org\/wp-content\/uploads\/2026\/04\/CRISTOSAL_our-team_featured.png\" class=\"attachment-large size-large wp-image-19316\" srcset=\"https:\/\/cristosal.org\/wp-content\/uploads\/2026\/04\/CRISTOSAL_our-team_featured.png 755w, https:\/\/cristosal.org\/wp-content\/uploads\/2026\/04\/CRISTOSAL_our-team_featured-286x300.png 286w, https:\/\/cristosal.org\/wp-content\/uploads\/2026\/04\/CRISTOSAL_our-team_featured-11x12.png 11w\" sizes=\"(max-width: 755px) 100vw, 755px\" \/>\t\t\t\t\t\t\t\t\t\t\t\t\t\t\t<\/div>\n\t\t\t\t<\/div>\n\t\t\t\t<\/div>\n\t\t\t\t\t<\/div>\n\t\t\t\t<\/div>\n\t\t<div class=\"elementor-element elementor-element-63d9c16 e-con-full e-flex e-con e-parent\" data-id=\"63d9c16\" data-element_type=\"container\" data-e-type=\"container\" data-settings=\"{&quot;background_background&quot;:&quot;classic&quot;,&quot;shape_divider_top&quot;:&quot;tilt&quot;,&quot;shape_divider_bottom&quot;:&quot;tilt&quot;}\">\n\t\t\t\t<div class=\"elementor-shape elementor-shape-top\" aria-hidden=\"true\" data-negative=\"false\">\n\t\t\t<svg xmlns=\"http:\/\/www.w3.org\/2000\/svg\" viewbox=\"0 0 1000 100\" preserveaspectratio=\"none\">\n\t<path class=\"elementor-shape-fill\" d=\"M0,6V0h1000v100L0,6z\"\/>\n<\/svg>\t\t<\/div>\n\t\t\t\t<div class=\"elementor-shape elementor-shape-bottom\" aria-hidden=\"true\" data-negative=\"false\">\n\t\t\t<svg xmlns=\"http:\/\/www.w3.org\/2000\/svg\" viewbox=\"0 0 1000 100\" preserveaspectratio=\"none\">\n\t<path class=\"elementor-shape-fill\" d=\"M0,6V0h1000v100L0,6z\"\/>\n<\/svg>\t\t<\/div>\n\t\t<div class=\"elementor-element elementor-element-900ad3e e-con-full e-flex e-con e-child\" data-id=\"900ad3e\" data-element_type=\"container\" data-e-type=\"container\">\n\t\t\t\t<div class=\"elementor-element elementor-element-5e75c3c elementor-widget elementor-widget-heading\" data-id=\"5e75c3c\" data-element_type=\"widget\" data-e-type=\"widget\" data-widget_type=\"heading.default\">\n\t\t\t\t\t<h2 class=\"elementor-heading-title elementor-size-default\">Liderazgo<\/h2>\t\t\t\t<\/div>\n\t\t<div class=\"elementor-element elementor-element-9a3ab86 e-grid e-con-full e-con e-child\" data-id=\"9a3ab86\" data-element_type=\"container\" data-e-type=\"container\">\n\t\t<div class=\"elementor-element elementor-element-e64ca91 e-con-full e-flex e-con e-child\" data-id=\"e64ca91\" data-element_type=\"container\" data-e-type=\"container\">\n\t\t\t\t<div class=\"elementor-element elementor-element-d32a04a elementor-widget elementor-widget-image\" data-id=\"d32a04a\" data-element_type=\"widget\" data-e-type=\"widget\" data-widget_type=\"image.default\">\n\t\t\t\t\t\t\t\t\t\t\t\t\t\t\t<img alt=\"\" decoding=\"async\" width=\"800\" height=\"800\" src=\"https:\/\/cristosal.org\/wp-content\/uploads\/2026\/03\/Noah-1024x1024.png\" class=\"attachment-large size-large wp-image-18970\" srcset=\"https:\/\/cristosal.org\/wp-content\/uploads\/2026\/03\/Noah-1024x1024.png 1024w, https:\/\/cristosal.org\/wp-content\/uploads\/2026\/03\/Noah-300x300.png 300w, https:\/\/cristosal.org\/wp-content\/uploads\/2026\/03\/Noah-150x150.png 150w, https:\/\/cristosal.org\/wp-content\/uploads\/2026\/03\/Noah-768x768.png 768w, https:\/\/cristosal.org\/wp-content\/uploads\/2026\/03\/Noah-1536x1536.png 1536w, https:\/\/cristosal.org\/wp-content\/uploads\/2026\/03\/Noah-12x12.png 12w, https:\/\/cristosal.org\/wp-content\/uploads\/2026\/03\/Noah.png 1736w\" sizes=\"(max-width: 800px) 100vw, 800px\" \/>\t\t\t\t\t\t\t\t\t\t\t\t\t\t\t<\/div>\n\t\t\t\t<div class=\"elementor-element elementor-element-e09fc48 elementor-widget elementor-widget-heading\" data-id=\"e09fc48\" data-element_type=\"widget\" data-e-type=\"widget\" data-widget_type=\"heading.default\">\n\t\t\t\t\t<h4 class=\"elementor-heading-title elementor-size-default\">Noah Bullock<\/h4>\t\t\t\t<\/div>\n\t\t\t\t<div class=\"elementor-element elementor-element-75ea5ef elementor-widget elementor-widget-text-editor\" data-id=\"75ea5ef\" data-element_type=\"widget\" data-e-type=\"widget\" data-widget_type=\"text-editor.default\">\n\t\t\t\t\t\t\t\t\t<p><strong>Director ejecutivo<\/strong><\/p>\t\t\t\t\t\t\t\t<\/div>\n\t\t\t\t<div class=\"elementor-element elementor-element-2e37017 elementor-widget elementor-widget-text-editor\" data-id=\"2e37017\" data-element_type=\"widget\" data-e-type=\"widget\" data-widget_type=\"text-editor.default\">\n\t\t\t\t\t\t\t\t\t<p><span style=\"font-weight: 400;\">Noah Bullock es el Director Ejecutivo de Cristosal, una organizaci\u00f3n regional con 25 a\u00f1os de experiencia en la defensa de los derechos humanos y presencia en Guatemala, Honduras y El Salvador.\n\nSe incorpor\u00f3 a Cristosal en 2005 como pasante en derechos humanos, poco despu\u00e9s de graduarse de la Universidad de Montana con una licenciatura en Estudios Liberales, con \u00e9nfasis en Estudios de Paz y Conflicto. En 2001, tambi\u00e9n complet\u00f3 un programa en el Instituto Internacional de Investigaci\u00f3n sobre Conflictos (INCORE), una iniciativa conjunta de la Universidad de Ulster, en Irlanda del Norte, y la Universidad de las Naciones Unidas.\n\nEntre 2006 y 2009, dirigi\u00f3 el Programa de Desarrollo Comunitario de Cristosal mientras continuaba su formaci\u00f3n acad\u00e9mica. En 2009 obtuvo un posgrado en Desarrollo Local en la Universidad Centroamericana Jos\u00e9 Sime\u00f3n Ca\u00f1as (UCA), gradu\u00e1ndose con honores.\n\nEse mismo a\u00f1o impuls\u00f3 el proyecto documental Por un mundo m\u00e1s humano, centrado en el desplazamiento interno, en el que se desempe\u00f1\u00f3 como productor ejecutivo hasta su estreno en abril de 2010.\n\nDesde 2010, Noah se desempe\u00f1a como Director Ejecutivo de Cristosal, cargo que contin\u00faa ejerciendo en la actualidad.<\/span><\/p>\t\t\t\t\t\t\t\t<\/div>\n\t\t\t\t<\/div>\n\t\t<div class=\"elementor-element elementor-element-bec6eaf e-con-full e-flex e-con e-child\" data-id=\"bec6eaf\" data-element_type=\"container\" data-e-type=\"container\">\n\t\t\t\t<div class=\"elementor-element elementor-element-6d6f4ab elementor-widget elementor-widget-image\" data-id=\"6d6f4ab\" data-element_type=\"widget\" data-e-type=\"widget\" data-widget_type=\"image.default\">\n\t\t\t\t\t\t\t\t\t\t\t\t\t\t\t<img alt=\"\" decoding=\"async\" width=\"800\" height=\"800\" src=\"https:\/\/cristosal.org\/wp-content\/uploads\/2026\/03\/David_leadership-1024x1024.png\" class=\"attachment-large size-large wp-image-19047\" srcset=\"https:\/\/cristosal.org\/wp-content\/uploads\/2026\/03\/David_leadership-1024x1024.png 1024w, https:\/\/cristosal.org\/wp-content\/uploads\/2026\/03\/David_leadership-300x300.png 300w, https:\/\/cristosal.org\/wp-content\/uploads\/2026\/03\/David_leadership-150x150.png 150w, https:\/\/cristosal.org\/wp-content\/uploads\/2026\/03\/David_leadership-768x768.png 768w, https:\/\/cristosal.org\/wp-content\/uploads\/2026\/03\/David_leadership-1536x1536.png 1536w, https:\/\/cristosal.org\/wp-content\/uploads\/2026\/03\/David_leadership-12x12.png 12w, https:\/\/cristosal.org\/wp-content\/uploads\/2026\/03\/David_leadership.png 1736w\" sizes=\"(max-width: 800px) 100vw, 800px\" \/>\t\t\t\t\t\t\t\t\t\t\t\t\t\t\t<\/div>\n\t\t\t\t<div class=\"elementor-element elementor-element-5ef1166 elementor-widget elementor-widget-heading\" data-id=\"5ef1166\" data-element_type=\"widget\" data-e-type=\"widget\" data-widget_type=\"heading.default\">\n\t\t\t\t\t<h4 class=\"elementor-heading-title elementor-size-default\">David Holiday<\/h4>\t\t\t\t<\/div>\n\t\t\t\t<div class=\"elementor-element elementor-element-c48991d elementor-widget elementor-widget-text-editor\" data-id=\"c48991d\" data-element_type=\"widget\" data-e-type=\"widget\" data-widget_type=\"text-editor.default\">\n\t\t\t\t\t\t\t\t\t<p><strong>Presidente de la Junta Directiva<\/strong><\/p>\t\t\t\t\t\t\t\t<\/div>\n\t\t\t\t<div class=\"elementor-element elementor-element-f8d7b72 elementor-widget elementor-widget-text-editor\" data-id=\"f8d7b72\" data-element_type=\"widget\" data-e-type=\"widget\" data-widget_type=\"text-editor.default\">\n\t\t\t\t\t\t\t\t\t<p>Durante m\u00e1s de 35 a\u00f1os, David Holiday ha apoyado el fortalecimiento de la gobernanza democr\u00e1tica en Am\u00e9rica Latina como analista e investigador, defensor y cooperante internacional en temas de sociedad civil, derechos humanos, Estado de derecho, transparencia y rendici\u00f3n de cuentas. Entre 1991 y 2005, vivi\u00f3 y trabaj\u00f3 en El Salvador y Guatemala.<\/p>\t\t\t\t\t\t\t\t<\/div>\n\t\t\t\t<\/div>\n\t\t\t\t<\/div>\n\t\t\t\t<\/div>\n\t\t<div class=\"elementor-element elementor-element-0f9acec e-con-full e-flex e-con e-child\" data-id=\"0f9acec\" data-element_type=\"container\" data-e-type=\"container\">\n\t\t<div class=\"elementor-element elementor-element-79aaec2 e-con-full e-flex e-con e-child\" data-id=\"79aaec2\" data-element_type=\"container\" data-e-type=\"container\">\n\t\t\t\t<div class=\"elementor-element elementor-element-71fe083 elementor-widget elementor-widget-heading\" data-id=\"71fe083\" data-element_type=\"widget\" data-e-type=\"widget\" data-widget_type=\"heading.default\">\n\t\t\t\t\t<h4 class=\"elementor-heading-title elementor-size-default\">Junta Directiva\n<\/h4>\t\t\t\t<\/div>\n\t\t\t\t<div class=\"elementor-element elementor-element-9c51a4b elementor-widget__width-initial elementor-widget elementor-widget-text-editor\" data-id=\"9c51a4b\" data-element_type=\"widget\" data-e-type=\"widget\" data-widget_type=\"text-editor.default\">\n\t\t\t\t\t\t\t\t\t<p>La Junta Directiva de Cristosal re\u00fane a personas con amplia experiencia en derechos humanos, derecho, gobernanza, filantrop\u00eda, pol\u00edticas p\u00fablicas, investigaci\u00f3n y sociedad civil. Su rol es brindar orientaci\u00f3n estrat\u00e9gica, supervisi\u00f3n institucional y resguardar a largo plazo la misi\u00f3n de Cristosal.<br \/><br \/>En estrecha coordinaci\u00f3n con la direcci\u00f3n ejecutiva y el equipo, sus integrantes contribuyen a fortalecer la capacidad de la organizaci\u00f3n para acompa\u00f1ar a sobrevivientes, personas defensoras y comunidades que buscan justicia. Su apoyo asegura que el trabajo de Cristosal se mantenga basado en principios, con rigor y en sinton\u00eda con las realidades que enfrentan quienes defienden derechos humanos en Centroam\u00e9rica.<br \/><br \/>En conjunto, aportan experiencia, compromiso y mecanismos de rendici\u00f3n de cuentas para sostener la defensa de la verdad, la justicia y la vida democr\u00e1tica en la regi\u00f3n.<\/p>\t\t\t\t\t\t\t\t<\/div>\n\t\t\t\t<\/div>\n\t\t<div class=\"elementor-element elementor-element-777b9f6 e-con-full e-flex e-con e-child\" data-id=\"777b9f6\" data-element_type=\"container\" data-e-type=\"container\" data-settings=\"{&quot;background_background&quot;:&quot;classic&quot;}\">\n\t\t\t\t<div class=\"elementor-element elementor-element-98f1bb4 elementor-widget elementor-widget-heading\" data-id=\"98f1bb4\" data-element_type=\"widget\" data-e-type=\"widget\" data-widget_type=\"heading.default\">\n\t\t\t\t\t<h3 class=\"elementor-heading-title elementor-size-default\">Miembros de la Junta Directiva\n<\/h3>\t\t\t\t<\/div>\n\t\t<div class=\"elementor-element elementor-element-5ee2445 e-con-full e-flex e-con e-child\" data-id=\"5ee2445\" data-element_type=\"container\" data-e-type=\"container\">\n\t\t\t\t<div class=\"elementor-element elementor-element-fe53c32 elementor-widget__width-initial elementor-widget-mobile__width-inherit elementor-widget elementor-widget-text-editor\" data-id=\"fe53c32\" data-element_type=\"widget\" data-e-type=\"widget\" data-widget_type=\"text-editor.default\">\n\t\t\t\t\t\t\t\t\t<p>David Holiday<\/p><p>Steve Adams<\/p><p>Rvdo. Bob Wilson<\/p><p>Brenda Pfahnl<\/p><p>Alyson Welch<\/p><p>Beth McFadyen<\/p><p>Clare Gibson Nangle<\/p><p>Hannah Odell<\/p>\t\t\t\t\t\t\t\t<\/div>\n\t\t\t\t<div class=\"elementor-element elementor-element-26025ce elementor-widget__width-initial elementor-widget-mobile__width-inherit elementor-widget elementor-widget-text-editor\" data-id=\"26025ce\" data-element_type=\"widget\" data-e-type=\"widget\" data-widget_type=\"text-editor.default\">\n\t\t\t\t\t\t\t\t\t<p>Jos\u00e9 Miguel Cruz<\/p><p>Rvdo Joshua Case<\/p><p>Kevin Murray<\/p><p>Megan Thomas<\/p><p>Riley Grim<\/p><p>Rob Varenik<\/p><p>Tamara Taraciuk<\/p>\t\t\t\t\t\t\t\t<\/div>\n\t\t\t\t<\/div>\n\t\t\t\t<\/div>\n\t\t\t\t<\/div>\n\t\t\t\t<\/div>\n\t\t\t\t<\/div>","protected":false},"excerpt":{"rendered":"<p>Cristosal\u2019s work is carried forward by a multidisciplinary team committed to defending human rights, documenting abuses, and accompanying communities seeking justice across Central America. Our staff and leadership work alongside survivors, defenders, and civil society organizations to strengthen accountability, preserve truth, and protect civic space in El Salvador, Guatemala, and Honduras. https:\/\/www.youtube.com\/watch?v=hjf7PzD1RHg Staff Cristosal\u2019s work [&hellip;]<\/p>\n","protected":false},"author":2,"featured_media":18937,"parent":0,"menu_order":0,"comment_status":"closed","ping_status":"closed","template":"","meta":{"_seopress_robots_primary_cat":"","_seopress_titles_title":"Our Team","_seopress_titles_desc":"Meet the multidisciplinary team of experts, advocates, and leaders at Cristosal dedicated to defending human rights and accountability across the region.","_seopress_robots_index":"","inline_featured_image":false,"footnotes":""},"class_list":["post-163","page","type-page","status-publish","has-post-thumbnail","hentry"],"_links":{"self":[{"href":"https:\/\/cristosal.org\/es\/wp-json\/wp\/v2\/pages\/163","targetHints":{"allow":["GET"]}}],"collection":[{"href":"https:\/\/cristosal.org\/es\/wp-json\/wp\/v2\/pages"}],"about":[{"href":"https:\/\/cristosal.org\/es\/wp-json\/wp\/v2\/types\/page"}],"author":[{"embeddable":true,"href":"https:\/\/cristosal.org\/es\/wp-json\/wp\/v2\/users\/2"}],"replies":[{"embeddable":true,"href":"https:\/\/cristosal.org\/es\/wp-json\/wp\/v2\/comments?post=163"}],"version-history":[{"count":0,"href":"https:\/\/cristosal.org\/es\/wp-json\/wp\/v2\/pages\/163\/revisions"}],"wp:featuredmedia":[{"embeddable":true,"href":"https:\/\/cristosal.org\/es\/wp-json\/wp\/v2\/media\/18937"}],"wp:attachment":[{"href":"https:\/\/cristosal.org\/es\/wp-json\/wp\/v2\/media?parent=163"}],"curies":[{"name":"wp","href":"https:\/\/api.w.org\/{rel}","templated":true}]}}