{"id":15,"date":"2026-02-23T20:55:31","date_gmt":"2026-02-23T20:55:31","guid":{"rendered":"https:\/\/cristosal.wpenginepowered.com\/?page_id=15"},"modified":"2026-04-15T10:22:45","modified_gmt":"2026-04-15T10:22:45","slug":"protection-support","status":"publish","type":"page","link":"https:\/\/cristosal.org\/es\/protection-support\/","title":{"rendered":"Protecci\u00f3n y apoyo"},"content":{"rendered":"<div data-elementor-type=\"wp-page\" data-elementor-id=\"15\" class=\"elementor elementor-15\" data-elementor-post-type=\"page\">\n\t\t\t\t<div class=\"elementor-element elementor-element-2599044 e-flex e-con-boxed e-con e-parent\" data-id=\"2599044\" data-element_type=\"container\" data-e-type=\"container\">\n\t\t\t\t\t<div class=\"e-con-inner\">\n\t\t<div class=\"elementor-element elementor-element-93b2f5a e-con-full e-flex e-con e-child\" data-id=\"93b2f5a\" data-element_type=\"container\" data-e-type=\"container\">\n\t\t<div class=\"elementor-element elementor-element-b5dc558 e-con-full e-flex e-con e-child\" data-id=\"b5dc558\" data-element_type=\"container\" data-e-type=\"container\">\n\t\t\t\t<div class=\"elementor-element elementor-element-d741856 elementor-widget elementor-widget-heading\" data-id=\"d741856\" data-element_type=\"widget\" data-e-type=\"widget\" data-widget_type=\"heading.default\">\n\t\t\t\t\t<h2 class=\"elementor-heading-title elementor-size-default\">Apoyo a personas frente a violaciones de derechos humanos<\/h2>\t\t\t\t<\/div>\n\t\t\t\t<div class=\"elementor-element elementor-element-1f23a7f elementor-widget elementor-widget-text-editor\" data-id=\"1f23a7f\" data-element_type=\"widget\" data-e-type=\"widget\" data-widget_type=\"text-editor.default\">\n\t\t\t\t\t\t\t\t\t<p>Proteger a las personas que enfrentan violaciones de derechos humanos es fundamental para avanzar en la b\u00fasqueda de justicia. Las v\u00edctimas y sus familias suelen enfrentarse a miedo, discriminaci\u00f3n, corrupci\u00f3n y a instituciones que no logran protegerlas de nuevos da\u00f1os.<br \/><br \/>En Cristosal trabajamos junto a las personas afectadas, brindando orientaci\u00f3n legal, protecci\u00f3n y acompa\u00f1amiento mientras atraviesan procesos legales e institucionales complejos y buscan el restablecimiento de sus derechos.<br \/><br \/>Seg\u00fan las circunstancias de cada caso, el apoyo de Cristosal puede incluir:<\/p>\t\t\t\t\t\t\t\t<\/div>\n\t\t\t\t<div class=\"elementor-element elementor-element-c1b11b3 elementor-align-center elementor-widget elementor-widget-button\" data-id=\"c1b11b3\" data-element_type=\"widget\" data-e-type=\"widget\" data-widget_type=\"button.default\">\n\t\t\t\t\t\t\t\t\t\t<a class=\"elementor-button elementor-button-link elementor-size-sm\" href=\"https:\/\/cristosal.org\/es\/report-a-human-rights-violation\/\">\n\t\t\t\t\t\t<span class=\"elementor-button-content-wrapper\">\n\t\t\t\t\t\t\t\t\t<span class=\"elementor-button-text\">Denunciar un caso<\/span>\n\t\t\t\t\t<\/span>\n\t\t\t\t\t<\/a>\n\t\t\t\t\t\t\t\t<\/div>\n\t\t\t\t<\/div>\n\t\t<div class=\"elementor-element elementor-element-b744b29 e-con-full e-flex e-con e-child\" data-id=\"b744b29\" data-element_type=\"container\" data-e-type=\"container\">\n\t\t\t\t<div class=\"elementor-element elementor-element-960f8bf elementor-widget elementor-widget-image\" data-id=\"960f8bf\" data-element_type=\"widget\" data-e-type=\"widget\" data-widget_type=\"image.default\">\n\t\t\t\t\t\t\t\t\t\t\t\t\t\t\t<img alt=\"\" fetchpriority=\"high\" decoding=\"async\" width=\"800\" height=\"453\" src=\"https:\/\/cristosal.org\/wp-content\/uploads\/2026\/04\/3-1024x580.jpg\" class=\"attachment-large size-large wp-image-19308\" srcset=\"https:\/\/cristosal.org\/wp-content\/uploads\/2026\/04\/3-1024x580.jpg 1024w, https:\/\/cristosal.org\/wp-content\/uploads\/2026\/04\/3-300x170.jpg 300w, https:\/\/cristosal.org\/wp-content\/uploads\/2026\/04\/3-768x435.jpg 768w, https:\/\/cristosal.org\/wp-content\/uploads\/2026\/04\/3-1536x869.jpg 1536w, https:\/\/cristosal.org\/wp-content\/uploads\/2026\/04\/3-2048x1159.jpg 2048w, https:\/\/cristosal.org\/wp-content\/uploads\/2026\/04\/3-18x10.jpg 18w\" sizes=\"(max-width: 800px) 100vw, 800px\" \/>\t\t\t\t\t\t\t\t\t\t\t\t\t\t\t<\/div>\n\t\t\t\t<\/div>\n\t\t\t\t<\/div>\n\t\t\t\t\t<\/div>\n\t\t\t\t<\/div>\n\t\t<div class=\"elementor-element elementor-element-e779b09 e-flex e-con-boxed e-con e-parent\" data-id=\"e779b09\" data-element_type=\"container\" data-e-type=\"container\">\n\t\t\t\t\t<div class=\"e-con-inner\">\n\t\t<div class=\"elementor-element elementor-element-2329121 e-con-full e-flex e-con e-child\" data-id=\"2329121\" data-element_type=\"container\" data-e-type=\"container\">\n\t\t\t\t<div class=\"elementor-element elementor-element-31e2528 elementor-widget elementor-widget-heading\" data-id=\"31e2528\" data-element_type=\"widget\" data-e-type=\"widget\" data-widget_type=\"heading.default\">\n\t\t\t\t\t<h2 class=\"elementor-heading-title elementor-size-default\">Formas de apoyo<\/h2>\t\t\t\t<\/div>\n\t\t\t\t<\/div>\n\t\t<div class=\"elementor-element elementor-element-ff820dd e-con-full e-flex e-con e-child\" data-id=\"ff820dd\" data-element_type=\"container\" data-e-type=\"container\">\n\t\t<div class=\"elementor-element elementor-element-8f67a27 e-con-full e-flex e-con e-child\" data-id=\"8f67a27\" data-element_type=\"container\" data-e-type=\"container\">\n\t\t\t\t<div class=\"elementor-element elementor-element-1a5e54e elementor-widget elementor-widget-heading\" data-id=\"1a5e54e\" data-element_type=\"widget\" data-e-type=\"widget\" data-widget_type=\"heading.default\">\n\t\t\t\t\t<h4 class=\"elementor-heading-title elementor-size-default\">Evaluaci\u00f3n del caso<\/h4>\t\t\t\t<\/div>\n\t\t\t\t<div class=\"elementor-element elementor-element-28f35d3 elementor-widget-divider--view-line elementor-widget elementor-widget-divider\" data-id=\"28f35d3\" data-element_type=\"widget\" data-e-type=\"widget\" data-widget_type=\"divider.default\">\n\t\t\t\t\t\t\t<div class=\"elementor-divider\">\n\t\t\t<span class=\"elementor-divider-separator\">\n\t\t\t\t\t\t<\/span>\n\t\t<\/div>\n\t\t\t\t\t\t<\/div>\n\t\t\t\t<div class=\"elementor-element elementor-element-6c5a20c elementor-widget elementor-widget-text-editor\" data-id=\"6c5a20c\" data-element_type=\"widget\" data-e-type=\"widget\" data-widget_type=\"text-editor.default\">\n\t\t\t\t\t\t\t\t\t<p>Revisi\u00f3n inicial de la situaci\u00f3n para comprender la naturaleza de la violaci\u00f3n, evaluar la urgencia e identificar posibles v\u00edas legales o institucionales.<\/p>\t\t\t\t\t\t\t\t<\/div>\n\t\t\t\t<\/div>\n\t\t<div class=\"elementor-element elementor-element-fe8b0fe e-con-full e-flex e-con e-child\" data-id=\"fe8b0fe\" data-element_type=\"container\" data-e-type=\"container\">\n\t\t\t\t<div class=\"elementor-element elementor-element-7ff4345 elementor-widget elementor-widget-heading\" data-id=\"7ff4345\" data-element_type=\"widget\" data-e-type=\"widget\" data-widget_type=\"heading.default\">\n\t\t\t\t\t<h4 class=\"elementor-heading-title elementor-size-default\">An\u00e1lisis de riesgo<\/h4>\t\t\t\t<\/div>\n\t\t\t\t<div class=\"elementor-element elementor-element-2c1748a elementor-widget-divider--view-line elementor-widget elementor-widget-divider\" data-id=\"2c1748a\" data-element_type=\"widget\" data-e-type=\"widget\" data-widget_type=\"divider.default\">\n\t\t\t\t\t\t\t<div class=\"elementor-divider\">\n\t\t\t<span class=\"elementor-divider-separator\">\n\t\t\t\t\t\t<\/span>\n\t\t<\/div>\n\t\t\t\t\t\t<\/div>\n\t\t\t\t<div class=\"elementor-element elementor-element-26f58ef elementor-widget elementor-widget-text-editor\" data-id=\"26f58ef\" data-element_type=\"widget\" data-e-type=\"widget\" data-widget_type=\"text-editor.default\">\n\t\t\t\t\t\t\t\t\t<p>Evaluaci\u00f3n de las condiciones de seguridad y de los riesgos potenciales para la persona o comunidad involucrada.<\/p>\t\t\t\t\t\t\t\t<\/div>\n\t\t\t\t<\/div>\n\t\t<div class=\"elementor-element elementor-element-d929136 e-con-full e-flex e-con e-child\" data-id=\"d929136\" data-element_type=\"container\" data-e-type=\"container\">\n\t\t\t\t<div class=\"elementor-element elementor-element-c28ebb4 elementor-widget elementor-widget-heading\" data-id=\"c28ebb4\" data-element_type=\"widget\" data-e-type=\"widget\" data-widget_type=\"heading.default\">\n\t\t\t\t\t<h4 class=\"elementor-heading-title elementor-size-default\">Orientaci\u00f3n legal<\/h4>\t\t\t\t<\/div>\n\t\t\t\t<div class=\"elementor-element elementor-element-dd0e9de elementor-widget-divider--view-line elementor-widget elementor-widget-divider\" data-id=\"dd0e9de\" data-element_type=\"widget\" data-e-type=\"widget\" data-widget_type=\"divider.default\">\n\t\t\t\t\t\t\t<div class=\"elementor-divider\">\n\t\t\t<span class=\"elementor-divider-separator\">\n\t\t\t\t\t\t<\/span>\n\t\t<\/div>\n\t\t\t\t\t\t<\/div>\n\t\t\t\t<div class=\"elementor-element elementor-element-fb78d82 elementor-widget elementor-widget-text-editor\" data-id=\"fb78d82\" data-element_type=\"widget\" data-e-type=\"widget\" data-widget_type=\"text-editor.default\">\n\t\t\t\t\t\t\t\t\t<p>Informaci\u00f3n sobre derechos, procedimientos legales, requisitos de documentaci\u00f3n y posibles v\u00edas para exigir protecci\u00f3n o rendici\u00f3n de cuentas.<\/p>\t\t\t\t\t\t\t\t<\/div>\n\t\t\t\t<\/div>\n\t\t\t\t<\/div>\n\t\t<div class=\"elementor-element elementor-element-09ff14e e-con-full e-flex e-con e-child\" data-id=\"09ff14e\" data-element_type=\"container\" data-e-type=\"container\">\n\t\t<div class=\"elementor-element elementor-element-f7dddca e-con-full e-flex e-con e-child\" data-id=\"f7dddca\" data-element_type=\"container\" data-e-type=\"container\">\n\t\t\t\t<div class=\"elementor-element elementor-element-648b5ef elementor-widget elementor-widget-heading\" data-id=\"648b5ef\" data-element_type=\"widget\" data-e-type=\"widget\" data-widget_type=\"heading.default\">\n\t\t\t\t\t<h4 class=\"elementor-heading-title elementor-size-default\">Coordinaci\u00f3n institucional\n<\/h4>\t\t\t\t<\/div>\n\t\t\t\t<div class=\"elementor-element elementor-element-46f22db elementor-widget-divider--view-line elementor-widget elementor-widget-divider\" data-id=\"46f22db\" data-element_type=\"widget\" data-e-type=\"widget\" data-widget_type=\"divider.default\">\n\t\t\t\t\t\t\t<div class=\"elementor-divider\">\n\t\t\t<span class=\"elementor-divider-separator\">\n\t\t\t\t\t\t<\/span>\n\t\t<\/div>\n\t\t\t\t\t\t<\/div>\n\t\t\t\t<div class=\"elementor-element elementor-element-5cea9af elementor-widget elementor-widget-text-editor\" data-id=\"5cea9af\" data-element_type=\"widget\" data-e-type=\"widget\" data-widget_type=\"text-editor.default\">\n\t\t\t\t\t\t\t\t\t<p>Articulaci\u00f3n, cuando corresponde, con sistemas de protecci\u00f3n a nivel nacional o regional y otras instituciones relevantes.<\/p>\t\t\t\t\t\t\t\t<\/div>\n\t\t\t\t<\/div>\n\t\t<div class=\"elementor-element elementor-element-03ae84a e-con-full e-flex e-con e-child\" data-id=\"03ae84a\" data-element_type=\"container\" data-e-type=\"container\">\n\t\t\t\t<div class=\"elementor-element elementor-element-380d36d elementor-widget elementor-widget-heading\" data-id=\"380d36d\" data-element_type=\"widget\" data-e-type=\"widget\" data-widget_type=\"heading.default\">\n\t\t\t\t\t<h4 class=\"elementor-heading-title elementor-size-default\">Acompa\u00f1amiento<\/h4>\t\t\t\t<\/div>\n\t\t\t\t<div class=\"elementor-element elementor-element-d577083 elementor-widget-divider--view-line elementor-widget elementor-widget-divider\" data-id=\"d577083\" data-element_type=\"widget\" data-e-type=\"widget\" data-widget_type=\"divider.default\">\n\t\t\t\t\t\t\t<div class=\"elementor-divider\">\n\t\t\t<span class=\"elementor-divider-separator\">\n\t\t\t\t\t\t<\/span>\n\t\t<\/div>\n\t\t\t\t\t\t<\/div>\n\t\t\t\t<div class=\"elementor-element elementor-element-5fe7bf6 elementor-widget elementor-widget-text-editor\" data-id=\"5fe7bf6\" data-element_type=\"widget\" data-e-type=\"widget\" data-widget_type=\"text-editor.default\">\n\t\t\t\t\t\t\t\t\t<p>Presencia junto a personas y colectivos durante audiencias, procesos de denuncia, gestiones institucionales y otros procedimientos de alto riesgo, a menudo sostenida a lo largo del tiempo conforme avanzan los casos.<\/p>\t\t\t\t\t\t\t\t<\/div>\n\t\t\t\t<\/div>\n\t\t<div class=\"elementor-element elementor-element-a9625d5 e-con-full e-flex e-con e-child\" data-id=\"a9625d5\" data-element_type=\"container\" data-e-type=\"container\">\n\t\t<div class=\"elementor-element elementor-element-0f4503e e-con-full e-flex e-con e-child\" data-id=\"0f4503e\" data-element_type=\"container\" data-e-type=\"container\">\n\t\t\t\t<div class=\"elementor-element elementor-element-55618c3 elementor-widget elementor-widget-heading\" data-id=\"55618c3\" data-element_type=\"widget\" data-e-type=\"widget\" data-widget_type=\"heading.default\">\n\t\t\t\t\t<h4 class=\"elementor-heading-title elementor-size-default\">Apoyo psicosocial\n<\/h4>\t\t\t\t<\/div>\n\t\t\t\t<div class=\"elementor-element elementor-element-db0c476 elementor-widget-divider--view-line elementor-widget elementor-widget-divider\" data-id=\"db0c476\" data-element_type=\"widget\" data-e-type=\"widget\" data-widget_type=\"divider.default\">\n\t\t\t\t\t\t\t<div class=\"elementor-divider\">\n\t\t\t<span class=\"elementor-divider-separator\">\n\t\t\t\t\t\t<\/span>\n\t\t<\/div>\n\t\t\t\t\t\t<\/div>\n\t\t\t\t<div class=\"elementor-element elementor-element-54f51dd elementor-widget elementor-widget-text-editor\" data-id=\"54f51dd\" data-element_type=\"widget\" data-e-type=\"widget\" data-widget_type=\"text-editor.default\">\n\t\t\t\t\t\t\t\t\t<p>Acceso a acompa\u00f1amiento psicosocial que permite a personas y comunidades procesar el impacto emocional, fortalecer su resiliencia y enfrentar los desaf\u00edos que suelen acompa\u00f1ar las violaciones de derechos humanos y los procesos legales.<\/p>\t\t\t\t\t\t\t\t<\/div>\n\t\t\t\t<\/div>\n\t\t\t\t<\/div>\n\t\t\t\t<\/div>\n\t\t\t\t\t<\/div>\n\t\t\t\t<\/div>\n\t\t<div class=\"elementor-element elementor-element-cf6e11c e-con-full e-flex e-con e-parent\" data-id=\"cf6e11c\" data-element_type=\"container\" data-e-type=\"container\" data-settings=\"{&quot;background_background&quot;:&quot;classic&quot;}\">\n\t\t<div class=\"elementor-element elementor-element-2d81543 e-con-full e-flex e-con e-child\" data-id=\"2d81543\" data-element_type=\"container\" data-e-type=\"container\" data-settings=\"{&quot;background_background&quot;:&quot;classic&quot;}\">\n\t\t\t\t<div class=\"elementor-element elementor-element-48aeade elementor-widget__width-auto elementor-widget elementor-widget-heading\" data-id=\"48aeade\" data-element_type=\"widget\" data-e-type=\"widget\" data-widget_type=\"heading.default\">\n\t\t\t\t\t<h2 class=\"elementor-heading-title elementor-size-default\">recursos<\/h2>\t\t\t\t<\/div>\n\t\t\t\t<div class=\"elementor-element elementor-element-06bf267 elementor-widget__width-inherit elementor-widget elementor-widget-heading\" data-id=\"06bf267\" data-element_type=\"widget\" data-e-type=\"widget\" data-widget_type=\"heading.default\">\n\t\t\t\t\t<h2 class=\"elementor-heading-title elementor-size-default\">Reporta una violaci\u00f3n de derechos humanos\n<\/h2>\t\t\t\t<\/div>\n\t\t\t\t<div class=\"elementor-element elementor-element-fe958b9 elementor-widget__width-initial elementor-widget elementor-widget-text-editor\" data-id=\"fe958b9\" data-element_type=\"widget\" data-e-type=\"widget\" data-widget_type=\"text-editor.default\">\n\t\t\t\t\t\t\t\t\t<p>Si t\u00fa o alguien que conoces ha sufrido una violaci\u00f3n de derechos humanos en El Salvador, Guatemala u Honduras, puedes compartir informaci\u00f3n con nosotros a trav\u00e9s de los siguientes formularios.<br \/><br \/>Cada reporte es revisado cuidadosamente y puede contribuir a procesos de documentaci\u00f3n, incidencia o posibles acciones legales. Presentar un caso no garantiza representaci\u00f3n, pero nos permite evaluar c\u00f3mo podemos responder y registrar abusos en la regi\u00f3n.<\/p>\t\t\t\t\t\t\t\t<\/div>\n\t\t\t\t<div class=\"elementor-element elementor-element-0d11b9d elementor-align-center elementor-widget elementor-widget-button\" data-id=\"0d11b9d\" data-element_type=\"widget\" data-e-type=\"widget\" data-widget_type=\"button.default\">\n\t\t\t\t\t\t\t\t\t\t<a class=\"elementor-button elementor-button-link elementor-size-sm\" href=\"https:\/\/cristosal.org\/es\/report-a-human-rights-violation\/\">\n\t\t\t\t\t\t<span class=\"elementor-button-content-wrapper\">\n\t\t\t\t\t\t\t\t\t<span class=\"elementor-button-text\">Denunciar un caso<\/span>\n\t\t\t\t\t<\/span>\n\t\t\t\t\t<\/a>\n\t\t\t\t\t\t\t\t<\/div>\n\t\t\t\t<\/div>\n\t\t\t\t<\/div>\n\t\t\t\t<\/div>","protected":false},"excerpt":{"rendered":"<p>Support for People Facing Human Rights Violations Protecting people who face human rights violations is central to the pursuit of justice. Victims and their families often confront fear, discrimination, corruption, and institutions that fail to protect them from further harm. Cristosal works alongside those affected, providing legal guidance, protection, and accompaniment as they navigate complex [&hellip;]<\/p>\n","protected":false},"author":2,"featured_media":18937,"parent":0,"menu_order":0,"comment_status":"closed","ping_status":"closed","template":"","meta":{"_seopress_robots_primary_cat":"","_seopress_titles_title":"Protection & Support","_seopress_titles_desc":"Cristosal provides legal guidance, risk analysis, and psychosocial support for victims of human rights violations in El Salvador, Guatemala, and Honduras.","_seopress_robots_index":"","inline_featured_image":false,"footnotes":""},"class_list":["post-15","page","type-page","status-publish","has-post-thumbnail","hentry"],"_links":{"self":[{"href":"https:\/\/cristosal.org\/es\/wp-json\/wp\/v2\/pages\/15","targetHints":{"allow":["GET"]}}],"collection":[{"href":"https:\/\/cristosal.org\/es\/wp-json\/wp\/v2\/pages"}],"about":[{"href":"https:\/\/cristosal.org\/es\/wp-json\/wp\/v2\/types\/page"}],"author":[{"embeddable":true,"href":"https:\/\/cristosal.org\/es\/wp-json\/wp\/v2\/users\/2"}],"replies":[{"embeddable":true,"href":"https:\/\/cristosal.org\/es\/wp-json\/wp\/v2\/comments?post=15"}],"version-history":[{"count":0,"href":"https:\/\/cristosal.org\/es\/wp-json\/wp\/v2\/pages\/15\/revisions"}],"wp:featuredmedia":[{"embeddable":true,"href":"https:\/\/cristosal.org\/es\/wp-json\/wp\/v2\/media\/18937"}],"wp:attachment":[{"href":"https:\/\/cristosal.org\/es\/wp-json\/wp\/v2\/media?parent=15"}],"curies":[{"name":"wp","href":"https:\/\/api.w.org\/{rel}","templated":true}]}}