{"id":130,"date":"2026-02-24T19:03:39","date_gmt":"2026-02-24T19:03:39","guid":{"rendered":"https:\/\/cristosal.wpenginepowered.com\/?page_id=130"},"modified":"2026-04-13T18:32:12","modified_gmt":"2026-04-13T18:32:12","slug":"impact-stories","status":"publish","type":"page","link":"https:\/\/cristosal.org\/es\/impact-stories\/","title":{"rendered":"Historias de impacto"},"content":{"rendered":"\t\t<div data-elementor-type=\"wp-page\" data-elementor-id=\"130\" class=\"elementor elementor-130\" data-elementor-post-type=\"page\">\n\t\t\t\t<div class=\"elementor-element elementor-element-c1bf59a e-flex e-con-boxed e-con e-parent\" data-id=\"c1bf59a\" data-element_type=\"container\" data-e-type=\"container\">\n\t\t\t\t\t<div class=\"e-con-inner\">\n\t\t\t\t<div class=\"elementor-element elementor-element-5112c41 elementor-grid-3 elementor-grid-tablet-2 elementor-grid-mobile-1 elementor-widget elementor-widget-loop-grid\" data-id=\"5112c41\" data-element_type=\"widget\" data-e-type=\"widget\" data-settings=\"{&quot;template_id&quot;:&quot;18776&quot;,&quot;row_gap&quot;:{&quot;unit&quot;:&quot;px&quot;,&quot;size&quot;:30,&quot;sizes&quot;:[]},&quot;_skin&quot;:&quot;post&quot;,&quot;columns&quot;:&quot;3&quot;,&quot;columns_tablet&quot;:&quot;2&quot;,&quot;columns_mobile&quot;:&quot;1&quot;,&quot;edit_handle_selector&quot;:&quot;[data-elementor-type=\\&quot;loop-item\\&quot;]&quot;,&quot;row_gap_widescreen&quot;:{&quot;unit&quot;:&quot;px&quot;,&quot;size&quot;:&quot;&quot;,&quot;sizes&quot;:[]},&quot;row_gap_tablet_extra&quot;:{&quot;unit&quot;:&quot;px&quot;,&quot;size&quot;:&quot;&quot;,&quot;sizes&quot;:[]},&quot;row_gap_tablet&quot;:{&quot;unit&quot;:&quot;px&quot;,&quot;size&quot;:&quot;&quot;,&quot;sizes&quot;:[]},&quot;row_gap_mobile&quot;:{&quot;unit&quot;:&quot;px&quot;,&quot;size&quot;:&quot;&quot;,&quot;sizes&quot;:[]}}\" data-widget_type=\"loop-grid.post\">\n\t\t\t\t<div class=\"elementor-widget-container\">\n\t\t\t\t\t\t\t<div class=\"elementor-loop-container elementor-grid\" role=\"list\">\n\t\t<style id=\"loop-18776\">.elementor-18776 .elementor-element.elementor-element-01e7cf7{--display:flex;--gap:0px 0px;--row-gap:0px;--column-gap:0px;--padding-top:0px;--padding-bottom:0px;--padding-left:0px;--padding-right:0px;}.elementor-18776 .elementor-element.elementor-element-b70f4e8 img{width:100%;height:200px;object-fit:cover;object-position:center center;}.elementor-18776 .elementor-element.elementor-element-d347811{--display:flex;--gap:015px 015px;--row-gap:015px;--column-gap:015px;}.elementor-18776 .elementor-element.elementor-element-a1e7b21 .elementor-heading-title{line-height:1.15em;color:var( --e-global-color-0292342 );}.elementor-18776 .elementor-element.elementor-element-28b9cb1{font-size:1rem;color:var( --e-global-color-9c446b7 );}.elementor-18776 .elementor-element.elementor-element-f207abb .elementor-button-content-wrapper{flex-direction:row-reverse;}.elementor-18776 .elementor-element.elementor-element-f207abb .elementor-button{font-family:\"Satoshi\", Sans-serif;font-size:1rem;font-weight:900;font-stretch:100%;fill:var( --e-global-color-primary );color:var( --e-global-color-primary );background-color:#FFBAB000;transition-duration:0.25s;padding:0px 0px 0px 0px;}.elementor-18776 .elementor-element.elementor-element-f207abb .elementor-button:hover, .elementor-18776 .elementor-element.elementor-element-f207abb .elementor-button:focus{color:var( --e-global-color-9e85e15 );}.elementor-18776 .elementor-element.elementor-element-f207abb .elementor-button:hover svg, .elementor-18776 .elementor-element.elementor-element-f207abb .elementor-button:focus svg{fill:var( --e-global-color-9e85e15 );}<\/style>\t\t<div data-elementor-type=\"loop-item\" data-elementor-id=\"18776\" class=\"elementor elementor-18776 e-loop-item e-loop-item-18897 post-18897 post type-post status-publish format-standard has-post-thumbnail hentry category-historias-de-impacto\" data-elementor-post-type=\"elementor_library\" data-custom-edit-handle=\"1\">\n\t\t\t<div class=\"elementor-element elementor-element-01e7cf7 e-flex e-con-boxed e-con e-parent\" data-id=\"01e7cf7\" data-element_type=\"container\" data-e-type=\"container\">\n\t\t\t\t\t<div class=\"e-con-inner\">\n\t\t\t\t<div class=\"elementor-element elementor-element-b70f4e8 elementor-widget elementor-widget-theme-post-featured-image elementor-widget-image\" data-id=\"b70f4e8\" data-element_type=\"widget\" data-e-type=\"widget\" data-widget_type=\"theme-post-featured-image.default\">\n\t\t\t\t\t\t\t\t\t\t\t\t\t\t\t<img alt=\"\" fetchpriority=\"high\" decoding=\"async\" width=\"800\" height=\"230\" src=\"https:\/\/cristosal.org\/wp-content\/uploads\/2026\/02\/Voice_Hero-1024x295.jpg\" class=\"attachment-large size-large wp-image-220\" alt=\"\" srcset=\"https:\/\/cristosal.org\/wp-content\/uploads\/2026\/02\/Voice_Hero-1024x295.jpg 1024w, https:\/\/cristosal.org\/wp-content\/uploads\/2026\/02\/Voice_Hero-300x86.jpg 300w, https:\/\/cristosal.org\/wp-content\/uploads\/2026\/02\/Voice_Hero-768x221.jpg 768w, https:\/\/cristosal.org\/wp-content\/uploads\/2026\/02\/Voice_Hero-1536x442.jpg 1536w, https:\/\/cristosal.org\/wp-content\/uploads\/2026\/02\/Voice_Hero-2048x589.jpg 2048w\" sizes=\"(max-width: 800px) 100vw, 800px\" \/>\t\t\t\t\t\t\t\t\t\t\t\t\t\t\t<\/div>\n\t\t<div class=\"elementor-element elementor-element-d347811 e-con-full e-flex e-con e-child\" data-id=\"d347811\" data-element_type=\"container\" data-e-type=\"container\">\n\t\t\t\t<div class=\"elementor-element elementor-element-a1e7b21 loop-title elementor-widget elementor-widget-heading\" data-id=\"a1e7b21\" data-element_type=\"widget\" data-e-type=\"widget\" data-widget_type=\"heading.default\">\n\t\t\t\t\t<h4 class=\"elementor-heading-title elementor-size-default\">Mozote Massacre<\/h4>\t\t\t\t<\/div>\n\t\t\t\t<div class=\"elementor-element elementor-element-28b9cb1 elementor-widget elementor-widget-theme-post-excerpt\" data-id=\"28b9cb1\" data-element_type=\"widget\" data-e-type=\"widget\" data-widget_type=\"theme-post-excerpt.default\">\n\t\t\t\t\tFor 40 years, El Mozote survivors have waited for justice. With the historic trial 85% complete, political attacks threaten progress. Learn how your support can end decades of impunity.\t\t\t\t<\/div>\n\t\t\t\t<div class=\"elementor-element elementor-element-f207abb elementor-widget elementor-widget-button\" data-id=\"f207abb\" data-element_type=\"widget\" data-e-type=\"widget\" data-widget_type=\"button.default\">\n\t\t\t\t\t\t\t\t\t\t<a class=\"elementor-button elementor-button-link elementor-size-sm\" href=\"https:\/\/cristosal.org\/es\/mozote-massacre\/\">\n\t\t\t\t\t\t<span class=\"elementor-button-content-wrapper\">\n\t\t\t\t\t\t<span class=\"elementor-button-icon\">\n\t\t\t\t<svg aria-hidden=\"true\" class=\"e-font-icon-svg e-fas-arrow-right\" viewBox=\"0 0 448 512\" xmlns=\"http:\/\/www.w3.org\/2000\/svg\"><path d=\"M190.5 66.9l22.2-22.2c9.4-9.4 24.6-9.4 33.9 0L441 239c9.4 9.4 9.4 24.6 0 33.9L246.6 467.3c-9.4 9.4-24.6 9.4-33.9 0l-22.2-22.2c-9.5-9.5-9.3-25 .4-34.3L311.4 296H24c-13.3 0-24-10.7-24-24v-32c0-13.3 10.7-24 24-24h287.4L190.9 101.2c-9.8-9.3-10-24.8-.4-34.3z\"><\/path><\/svg>\t\t\t<\/span>\n\t\t\t\t\t\t\t\t\t<span class=\"elementor-button-text\">Read More<\/span>\n\t\t\t\t\t<\/span>\n\t\t\t\t\t<\/a>\n\t\t\t\t\t\t\t\t<\/div>\n\t\t\t\t<\/div>\n\t\t\t\t\t<\/div>\n\t\t\t\t<\/div>\n\t\t\t\t<\/div>\n\t\t\t\t<div data-elementor-type=\"loop-item\" data-elementor-id=\"18776\" class=\"elementor elementor-18776 e-loop-item e-loop-item-18670 post-18670 post type-post status-publish format-standard has-post-thumbnail hentry category-actualizaciones-importantes category-historias-de-impacto tag-libertad-para-ruth tag-ruth-florece-en-libertad tag-ruth-lopez tag-tengan-decencia\" data-elementor-post-type=\"elementor_library\" data-custom-edit-handle=\"1\">\n\t\t\t<div class=\"elementor-element elementor-element-01e7cf7 e-flex e-con-boxed e-con e-parent\" data-id=\"01e7cf7\" data-element_type=\"container\" data-e-type=\"container\">\n\t\t\t\t\t<div class=\"e-con-inner\">\n\t\t\t\t<div class=\"elementor-element elementor-element-b70f4e8 elementor-widget elementor-widget-theme-post-featured-image elementor-widget-image\" data-id=\"b70f4e8\" data-element_type=\"widget\" data-e-type=\"widget\" data-widget_type=\"theme-post-featured-image.default\">\n\t\t\t\t\t\t\t\t\t\t\t\t\t\t\t<img alt=\"\" decoding=\"async\" width=\"800\" height=\"450\" src=\"https:\/\/cristosal.org\/wp-content\/uploads\/2025\/11\/Ruth-Lopez-la-decencia-como-rebeldia-1-1024x576.jpg\" class=\"attachment-large size-large wp-image-18675\" alt=\"\" srcset=\"https:\/\/cristosal.org\/wp-content\/uploads\/2025\/11\/Ruth-Lopez-la-decencia-como-rebeldia-1-1024x576.jpg 1024w, https:\/\/cristosal.org\/wp-content\/uploads\/2025\/11\/Ruth-Lopez-la-decencia-como-rebeldia-1-300x169.jpg 300w, https:\/\/cristosal.org\/wp-content\/uploads\/2025\/11\/Ruth-Lopez-la-decencia-como-rebeldia-1-768x432.jpg 768w, https:\/\/cristosal.org\/wp-content\/uploads\/2025\/11\/Ruth-Lopez-la-decencia-como-rebeldia-1.jpg 1200w\" sizes=\"(max-width: 800px) 100vw, 800px\" \/>\t\t\t\t\t\t\t\t\t\t\t\t\t\t\t<\/div>\n\t\t<div class=\"elementor-element elementor-element-d347811 e-con-full e-flex e-con e-child\" data-id=\"d347811\" data-element_type=\"container\" data-e-type=\"container\">\n\t\t\t\t<div class=\"elementor-element elementor-element-a1e7b21 loop-title elementor-widget elementor-widget-heading\" data-id=\"a1e7b21\" data-element_type=\"widget\" data-e-type=\"widget\" data-widget_type=\"heading.default\">\n\t\t\t\t\t<h4 class=\"elementor-heading-title elementor-size-default\">Ruth L\u00f3pez, la decencia como rebeld\u00eda<\/h4>\t\t\t\t<\/div>\n\t\t\t\t<div class=\"elementor-element elementor-element-28b9cb1 elementor-widget elementor-widget-theme-post-excerpt\" data-id=\"28b9cb1\" data-element_type=\"widget\" data-e-type=\"widget\" data-widget_type=\"theme-post-excerpt.default\">\n\t\t\t\t\tPerfil de Ruth L\u00f3pez, defensora de derechos humanos salvadore\u00f1a. El texto destaca su incansable lucha anticorrupci\u00f3n, su detenci\u00f3n arbitraria en 2025 y los recientes reconocimientos internacionales a su labor.\t\t\t\t<\/div>\n\t\t\t\t<div class=\"elementor-element elementor-element-f207abb elementor-widget elementor-widget-button\" data-id=\"f207abb\" data-element_type=\"widget\" data-e-type=\"widget\" data-widget_type=\"button.default\">\n\t\t\t\t\t\t\t\t\t\t<a class=\"elementor-button elementor-button-link elementor-size-sm\" href=\"https:\/\/cristosal.org\/es\/ruth-lopez-la-decencia-como-rebeldia\/\">\n\t\t\t\t\t\t<span class=\"elementor-button-content-wrapper\">\n\t\t\t\t\t\t<span class=\"elementor-button-icon\">\n\t\t\t\t<svg aria-hidden=\"true\" class=\"e-font-icon-svg e-fas-arrow-right\" viewBox=\"0 0 448 512\" xmlns=\"http:\/\/www.w3.org\/2000\/svg\"><path d=\"M190.5 66.9l22.2-22.2c9.4-9.4 24.6-9.4 33.9 0L441 239c9.4 9.4 9.4 24.6 0 33.9L246.6 467.3c-9.4 9.4-24.6 9.4-33.9 0l-22.2-22.2c-9.5-9.5-9.3-25 .4-34.3L311.4 296H24c-13.3 0-24-10.7-24-24v-32c0-13.3 10.7-24 24-24h287.4L190.9 101.2c-9.8-9.3-10-24.8-.4-34.3z\"><\/path><\/svg>\t\t\t<\/span>\n\t\t\t\t\t\t\t\t\t<span class=\"elementor-button-text\">Read More<\/span>\n\t\t\t\t\t<\/span>\n\t\t\t\t\t<\/a>\n\t\t\t\t\t\t\t\t<\/div>\n\t\t\t\t<\/div>\n\t\t\t\t\t<\/div>\n\t\t\t\t<\/div>\n\t\t\t\t<\/div>\n\t\t\t\t<div data-elementor-type=\"loop-item\" data-elementor-id=\"18776\" class=\"elementor elementor-18776 e-loop-item e-loop-item-18594 post-18594 post type-post status-publish format-standard has-post-thumbnail hentry category-estado-de-derecho category-historias-de-impacto category-publicaciones tag-cecot tag-human-rights-watch\" data-elementor-post-type=\"elementor_library\" data-custom-edit-handle=\"1\">\n\t\t\t<div class=\"elementor-element elementor-element-01e7cf7 e-flex e-con-boxed e-con e-parent\" data-id=\"01e7cf7\" data-element_type=\"container\" data-e-type=\"container\">\n\t\t\t\t\t<div class=\"e-con-inner\">\n\t\t\t\t<div class=\"elementor-element elementor-element-b70f4e8 elementor-widget elementor-widget-theme-post-featured-image elementor-widget-image\" data-id=\"b70f4e8\" data-element_type=\"widget\" data-e-type=\"widget\" data-widget_type=\"theme-post-featured-image.default\">\n\t\t\t\t\t\t\t\t\t\t\t\t\t\t\t<img alt=\"\" decoding=\"async\" width=\"800\" height=\"450\" src=\"https:\/\/cristosal.org\/wp-content\/uploads\/2025\/11\/Llegaron-al-infierno_Tortura-y-otros-abusos-contra-venezolanos-en-el-Centro-de-Confinamiento-del-Terrorismo-de-El-Salvador-1024x576.jpg\" class=\"attachment-large size-large wp-image-18600\" alt=\"\" srcset=\"https:\/\/cristosal.org\/wp-content\/uploads\/2025\/11\/Llegaron-al-infierno_Tortura-y-otros-abusos-contra-venezolanos-en-el-Centro-de-Confinamiento-del-Terrorismo-de-El-Salvador-1024x576.jpg 1024w, https:\/\/cristosal.org\/wp-content\/uploads\/2025\/11\/Llegaron-al-infierno_Tortura-y-otros-abusos-contra-venezolanos-en-el-Centro-de-Confinamiento-del-Terrorismo-de-El-Salvador-300x169.jpg 300w, https:\/\/cristosal.org\/wp-content\/uploads\/2025\/11\/Llegaron-al-infierno_Tortura-y-otros-abusos-contra-venezolanos-en-el-Centro-de-Confinamiento-del-Terrorismo-de-El-Salvador-768x432.jpg 768w, https:\/\/cristosal.org\/wp-content\/uploads\/2025\/11\/Llegaron-al-infierno_Tortura-y-otros-abusos-contra-venezolanos-en-el-Centro-de-Confinamiento-del-Terrorismo-de-El-Salvador.jpg 1200w\" sizes=\"(max-width: 800px) 100vw, 800px\" \/>\t\t\t\t\t\t\t\t\t\t\t\t\t\t\t<\/div>\n\t\t<div class=\"elementor-element elementor-element-d347811 e-con-full e-flex e-con e-child\" data-id=\"d347811\" data-element_type=\"container\" data-e-type=\"container\">\n\t\t\t\t<div class=\"elementor-element elementor-element-a1e7b21 loop-title elementor-widget elementor-widget-heading\" data-id=\"a1e7b21\" data-element_type=\"widget\" data-e-type=\"widget\" data-widget_type=\"heading.default\">\n\t\t\t\t\t<h4 class=\"elementor-heading-title elementor-size-default\">\u201cLlegaron al infierno\u201d: Tortura y otros abusos contra venezolanos en el Centro de Confinamiento del Terrorismo de El Salvador<\/h4>\t\t\t\t<\/div>\n\t\t\t\t<div class=\"elementor-element elementor-element-28b9cb1 elementor-widget elementor-widget-theme-post-excerpt\" data-id=\"28b9cb1\" data-element_type=\"widget\" data-e-type=\"widget\" data-widget_type=\"theme-post-excerpt.default\">\n\t\t\t\t\t\"Llegaron al infierno\". En lugar de recibir asilo, 252 migrantes venezolanos fueron deportados por Estados Unidos a El Salvador y encerrados en la prisi\u00f3n de m\u00e1xima seguridad CECOT. Lee el\t\t\t\t<\/div>\n\t\t\t\t<div class=\"elementor-element elementor-element-f207abb elementor-widget elementor-widget-button\" data-id=\"f207abb\" data-element_type=\"widget\" data-e-type=\"widget\" data-widget_type=\"button.default\">\n\t\t\t\t\t\t\t\t\t\t<a class=\"elementor-button elementor-button-link elementor-size-sm\" href=\"https:\/\/cristosal.org\/es\/llegaron-al-infierno-tortura-y-otros-abusos-contra-venezolanos-en-el-centro-de-confinamiento-del-terrorismo-de-el-salvador\/\">\n\t\t\t\t\t\t<span class=\"elementor-button-content-wrapper\">\n\t\t\t\t\t\t<span class=\"elementor-button-icon\">\n\t\t\t\t<svg aria-hidden=\"true\" class=\"e-font-icon-svg e-fas-arrow-right\" viewBox=\"0 0 448 512\" xmlns=\"http:\/\/www.w3.org\/2000\/svg\"><path d=\"M190.5 66.9l22.2-22.2c9.4-9.4 24.6-9.4 33.9 0L441 239c9.4 9.4 9.4 24.6 0 33.9L246.6 467.3c-9.4 9.4-24.6 9.4-33.9 0l-22.2-22.2c-9.5-9.5-9.3-25 .4-34.3L311.4 296H24c-13.3 0-24-10.7-24-24v-32c0-13.3 10.7-24 24-24h287.4L190.9 101.2c-9.8-9.3-10-24.8-.4-34.3z\"><\/path><\/svg>\t\t\t<\/span>\n\t\t\t\t\t\t\t\t\t<span class=\"elementor-button-text\">Read More<\/span>\n\t\t\t\t\t<\/span>\n\t\t\t\t\t<\/a>\n\t\t\t\t\t\t\t\t<\/div>\n\t\t\t\t<\/div>\n\t\t\t\t\t<\/div>\n\t\t\t\t<\/div>\n\t\t\t\t<\/div>\n\t\t\t\t<\/div>\n\t\t\n\t\t\t\t\t\t<\/div>\n\t\t\t\t<\/div>\n\t\t\t\t\t<\/div>\n\t\t\t\t<\/div>\n\t\t\t\t<\/div>\n\t\t","protected":false},"excerpt":{"rendered":"","protected":false},"author":2,"featured_media":220,"parent":0,"menu_order":0,"comment_status":"closed","ping_status":"closed","template":"","meta":{"_seopress_robots_primary_cat":"","_seopress_titles_title":"Impact Stories","_seopress_titles_desc":"Read stories from the field about our work in strategic litigation, documenting massacres, and defending those resisting repression in Central America.","_seopress_robots_index":"","inline_featured_image":false,"footnotes":""},"class_list":["post-130","page","type-page","status-publish","has-post-thumbnail","hentry"],"_links":{"self":[{"href":"https:\/\/cristosal.org\/es\/wp-json\/wp\/v2\/pages\/130","targetHints":{"allow":["GET"]}}],"collection":[{"href":"https:\/\/cristosal.org\/es\/wp-json\/wp\/v2\/pages"}],"about":[{"href":"https:\/\/cristosal.org\/es\/wp-json\/wp\/v2\/types\/page"}],"author":[{"embeddable":true,"href":"https:\/\/cristosal.org\/es\/wp-json\/wp\/v2\/users\/2"}],"replies":[{"embeddable":true,"href":"https:\/\/cristosal.org\/es\/wp-json\/wp\/v2\/comments?post=130"}],"version-history":[{"count":0,"href":"https:\/\/cristosal.org\/es\/wp-json\/wp\/v2\/pages\/130\/revisions"}],"wp:featuredmedia":[{"embeddable":true,"href":"https:\/\/cristosal.org\/es\/wp-json\/wp\/v2\/media\/220"}],"wp:attachment":[{"href":"https:\/\/cristosal.org\/es\/wp-json\/wp\/v2\/media?parent=130"}],"curies":[{"name":"wp","href":"https:\/\/api.w.org\/{rel}","templated":true}]}}