{"id":124,"date":"2026-02-24T19:03:10","date_gmt":"2026-02-24T19:03:10","guid":{"rendered":"https:\/\/cristosal.wpenginepowered.com\/?page_id=124"},"modified":"2026-04-16T15:13:33","modified_gmt":"2026-04-16T15:13:33","slug":"transitional-justice","status":"publish","type":"page","link":"https:\/\/cristosal.org\/es\/transitional-justice\/","title":{"rendered":"Justicia transicional"},"content":{"rendered":"<h2>Rendici\u00f3n de cuentas por violaciones graves Justicia que perdura<\/h2>\n<p data-start=\"683\" data-end=\"959\">La justicia transicional es un eje central del trabajo de Cristosal en Centroam\u00e9rica. Acompa\u00f1amos a v\u00edctimas de graves violaciones de derechos humanos en su b\u00fasqueda de verdad, rendici\u00f3n de cuentas, reparaci\u00f3n y garant\u00edas de no repetici\u00f3n.<\/p>\n<p>Cada caso contribuye a construir el registro hist\u00f3rico, asegurando que los abusos del pasado sean documentados, reconocidos y preservados en la memoria p\u00fablica.<\/p>\n<p>Este trabajo vincula la responsabilidad legal con la preservaci\u00f3n de la verdad, ayudando a las sociedades a enfrentar la violencia del pasado y a fortalecer la protecci\u00f3n frente a futuros abusos.<\/p>\n<p>\t\t\t\t\t\t\t\t\t\t\t\t\t<img fetchpriority=\"high\" decoding=\"async\" width=\"600\" height=\"600\" src=\"https:\/\/cristosal.org\/wp-content\/uploads\/2026\/02\/dump_image_file_iuUP3_Mozote1.avif\" alt=\"\" srcset=\"https:\/\/cristosal.org\/wp-content\/uploads\/2026\/02\/dump_image_file_iuUP3_Mozote1.avif 600w, https:\/\/cristosal.org\/wp-content\/uploads\/2026\/02\/dump_image_file_iuUP3_Mozote1-300x300.avif 300w, https:\/\/cristosal.org\/wp-content\/uploads\/2026\/02\/dump_image_file_iuUP3_Mozote1-150x150.avif 150w\" sizes=\"(max-width: 600px) 100vw, 600px\" \/>\t\t\t\t\t\t\t\t\t\t\t\t\t\t\t\t<\/p>\n<h2>\u00bfPor qu\u00e9 la justicia transicional importa?<br \/>\n<\/h2>\n<p>La justicia transicional responde a violaciones masivas de derechos humanos cometidas contra la poblaci\u00f3n civil. Busca:<\/p>\n<ul>\n<li>Esclarecimiento de la verdad<\/li>\n<li>Rendici\u00f3n de cuentas<\/li>\n<li>Conmemoraci\u00f3n y memoria hist\u00f3rica<\/li>\n<li>Reparaciones para las v\u00edctimas<\/li>\n<li>Garant\u00edas de no repetici\u00f3n<\/li>\n<\/ul>\n<p>Cuando los sistemas judiciales no pueden procesar a todos los responsables, la rendici\u00f3n de cuentas sigue siendo fundamental. El reconocimiento importa. La memoria importa.<\/p>\n<p>\t\t\t\t\t\t\t\t\t\t\t\t\t<img decoding=\"async\" width=\"800\" height=\"533\" src=\"https:\/\/cristosal.org\/wp-content\/uploads\/2026\/03\/dump_image_file_oplUK_IMG_6294-1024x682.jpeg\" alt=\"\" srcset=\"https:\/\/cristosal.org\/wp-content\/uploads\/2026\/03\/dump_image_file_oplUK_IMG_6294-1024x682.jpeg 1024w, https:\/\/cristosal.org\/wp-content\/uploads\/2026\/03\/dump_image_file_oplUK_IMG_6294-300x200.jpeg 300w, https:\/\/cristosal.org\/wp-content\/uploads\/2026\/03\/dump_image_file_oplUK_IMG_6294-768x512.jpeg 768w, https:\/\/cristosal.org\/wp-content\/uploads\/2026\/03\/dump_image_file_oplUK_IMG_6294-1536x1023.jpeg 1536w, https:\/\/cristosal.org\/wp-content\/uploads\/2026\/03\/dump_image_file_oplUK_IMG_6294.jpeg 1600w\" sizes=\"(max-width: 800px) 100vw, 800px\" \/>\t\t\t\t\t\t\t\t\t\t\t\t\t\t\t\t<\/p>\n<h2>Nuestro enfoque centrado en las v\u00edctimas<br \/>\n<\/h2>\n<p>Ponemos en el centro la experiencia y los derechos de las v\u00edctimas y sobrevivientes en cada caso.<\/p>\n<p>Trabajamos junto a comunidades que llevan d\u00e9cadas buscando justicia. Las personas sobrevivientes participan en los procesos, aportan evidencia y contribuyen a definir c\u00f3mo se documentan y preservan sus historias. La representaci\u00f3n legal se complementa con documentaci\u00f3n, incidencia p\u00fablica y acompa\u00f1amiento a largo plazo.<\/p>\n<p>\t\t\t\t\t\t\t\t\t\t\t\t\t<img decoding=\"async\" width=\"750\" height=\"450\" src=\"https:\/\/cristosal.org\/wp-content\/uploads\/2026\/03\/Transitional-Justice_1.jpg\" alt=\"\" srcset=\"https:\/\/cristosal.org\/wp-content\/uploads\/2026\/03\/Transitional-Justice_1.jpg 750w, https:\/\/cristosal.org\/wp-content\/uploads\/2026\/03\/Transitional-Justice_1-300x180.jpg 300w\" sizes=\"(max-width: 750px) 100vw, 750px\" \/>\t\t\t\t\t\t\t\t\t\t\t\t\t\t\t\t\t\t\t\t\t\t\t\t\t\t<img loading=\"lazy\" decoding=\"async\" width=\"750\" height=\"450\" src=\"https:\/\/cristosal.org\/wp-content\/uploads\/2026\/03\/Transitional-Justice_2.jpg\" alt=\"\" srcset=\"https:\/\/cristosal.org\/wp-content\/uploads\/2026\/03\/Transitional-Justice_2.jpg 750w, https:\/\/cristosal.org\/wp-content\/uploads\/2026\/03\/Transitional-Justice_2-300x180.jpg 300w\" sizes=\"(max-width: 750px) 100vw, 750px\" \/>\t\t\t\t\t\t\t\t\t\t\t\t\t\t\t\t\t\t\t\t\t\t\t\t\t\t<img loading=\"lazy\" decoding=\"async\" width=\"750\" height=\"450\" src=\"https:\/\/cristosal.org\/wp-content\/uploads\/2026\/03\/Transitional-Justice_3.jpg\" alt=\"\" srcset=\"https:\/\/cristosal.org\/wp-content\/uploads\/2026\/03\/Transitional-Justice_3.jpg 750w, https:\/\/cristosal.org\/wp-content\/uploads\/2026\/03\/Transitional-Justice_3-300x180.jpg 300w\" sizes=\"(max-width: 750px) 100vw, 750px\" \/>\t\t\t\t\t\t\t\t\t\t\t\t\t\t\t\t<\/p>\n<h2>Casos que representamos<\/h2>\n<p>En el sistema judicial salvadore\u00f1o, litigamos junto a la Fiscal\u00eda General de la Rep\u00fablica. A trav\u00e9s de acciones legales sostenidas, buscamos rendici\u00f3n de cuentas por masacres, desapariciones forzadas y otras violaciones graves cometidas durante el conflicto armado. Nuestro objetivo es establecer precedentes legales, lograr el reconocimiento del da\u00f1o causado y prevenir su repetici\u00f3n.<\/p>\n<details id=\"e-n-accordion-item-2650\" open>\n<summary data-accordion-index=\"1\" tabindex=\"0\" aria-expanded=\"true\" aria-controls=\"e-n-accordion-item-2650\" >\n<h6> El Mozote <\/h6>\n<p>\t\t\t<svg aria-hidden=\"true\" viewbox=\"0 0 448 512\" xmlns=\"http:\/\/www.w3.org\/2000\/svg\"><path d=\"M240.971 130.524l194.343 194.343c9.373 9.373 9.373 24.569 0 33.941l-22.667 22.667c-9.357 9.357-24.522 9.375-33.901.04L224 227.495 69.255 381.516c-9.379 9.335-24.544 9.317-33.901-.04l-22.667-22.667c-9.373-9.373-9.373-24.569 0-33.941L207.03 130.525c9.372-9.373 24.568-9.373 33.941-.001z\"><\/path><\/svg><br \/>\n\t\t\t<svg aria-hidden=\"true\" viewbox=\"0 0 448 512\" xmlns=\"http:\/\/www.w3.org\/2000\/svg\"><path d=\"M207.029 381.476L12.686 187.132c-9.373-9.373-9.373-24.569 0-33.941l22.667-22.667c9.357-9.357 24.522-9.375 33.901-.04L224 284.505l154.745-154.021c9.379-9.335 24.544-9.317 33.901.04l22.667 22.667c9.373 9.373 9.373 24.569 0 33.941L240.971 381.476c-9.373 9.372-24.569 9.372-33.942 0z\"><\/path><\/svg><br \/>\n\t\t\t\t\t\t<\/summary>\n<p>Cristosal representa a 99 familiares de v\u00edctimas, as\u00ed como a la Asociaci\u00f3n de Derechos Humanos de El Mozote, en el caso de la masacre de El Mozote. Treinta y cuatro militares enfrentan cargos por la planificaci\u00f3n y ejecuci\u00f3n del asesinato de m\u00e1s de mil personas civiles en 1981.\n\nDurante la etapa de instrucci\u00f3n, nuestro equipo present\u00f3 un amplio conjunto de pruebas, incluyendo testimonios, registros de exhumaciones e informes de inteligencia. A pesar de avances iniciales, el caso se encuentra estancado y las audiencias se han pospuesto repetidamente. Tras un decreto emitido por el presidente Bukele en 2022, que redujo la edad de retiro judicial a 60 a\u00f1os, el juez Jorge Guzm\u00e1n \u2014quien llevaba a\u00f1os a cargo del caso\u2014 fue obligado a dejar el cargo. Actualmente, se espera que la nueva persona juzgadora admita la prueba y resuelva el env\u00edo del caso a juicio.\n\nA pesar de estos retrasos, el proceso ha permitido consolidar un registro contundente de la verdad y ha fortalecido las voces de quienes siguen exigiendo justicia.<\/p>\n<\/details>\n<details id=\"e-n-accordion-item-2651\" >\n<summary data-accordion-index=\"2\" tabindex=\"-1\" aria-expanded=\"false\" aria-controls=\"e-n-accordion-item-2651\" >\n<h6> El Calabozo <\/h6>\n<p>\t\t\t<svg aria-hidden=\"true\" viewbox=\"0 0 448 512\" xmlns=\"http:\/\/www.w3.org\/2000\/svg\"><path d=\"M240.971 130.524l194.343 194.343c9.373 9.373 9.373 24.569 0 33.941l-22.667 22.667c-9.357 9.357-24.522 9.375-33.901.04L224 227.495 69.255 381.516c-9.379 9.335-24.544 9.317-33.901-.04l-22.667-22.667c-9.373-9.373-9.373-24.569 0-33.941L207.03 130.525c9.372-9.373 24.568-9.373 33.941-.001z\"><\/path><\/svg><br \/>\n\t\t\t<svg aria-hidden=\"true\" viewbox=\"0 0 448 512\" xmlns=\"http:\/\/www.w3.org\/2000\/svg\"><path d=\"M207.029 381.476L12.686 187.132c-9.373-9.373-9.373-24.569 0-33.941l22.667-22.667c9.357-9.357 24.522-9.375 33.901-.04L224 284.505l154.745-154.021c9.379-9.335 24.544-9.317 33.901.04l22.667 22.667c9.373 9.373 9.373 24.569 0 33.941L240.971 381.476c-9.373 9.372-24.569 9.372-33.942 0z\"><\/path><\/svg><br \/>\n\t\t\t\t\t\t<\/summary>\n<p>Cristosal representa a 49 v\u00edctimas y sus familias en el caso de la masacre de El Calabozo. Seis altos mandos militares enfrentan cargos por la planificaci\u00f3n y ejecuci\u00f3n del asesinato de m\u00e1s de 200 personas civiles en San Vicente en 1982.\n\nTras a\u00f1os de negaci\u00f3n por parte del Estado salvadore\u00f1o, Cristosal impuls\u00f3 acciones para permitir exhumaciones en el sitio de la masacre y recopil\u00f3 horas de testimonios de sobrevivientes y familiares. El caso contin\u00faa en fase de instrucci\u00f3n, en la que se presenta la prueba para su admisi\u00f3n judicial, y a\u00fan no ha sido enviado a juicio.<\/p>\n<\/details>\n<details id=\"e-n-accordion-item-2652\" >\n<summary data-accordion-index=\"3\" tabindex=\"-1\" aria-expanded=\"false\" aria-controls=\"e-n-accordion-item-2652\" >\n<h6> San Andr\u00e9s <\/h6>\n<p>\t\t\t<svg aria-hidden=\"true\" viewbox=\"0 0 448 512\" xmlns=\"http:\/\/www.w3.org\/2000\/svg\"><path d=\"M240.971 130.524l194.343 194.343c9.373 9.373 9.373 24.569 0 33.941l-22.667 22.667c-9.357 9.357-24.522 9.375-33.901.04L224 227.495 69.255 381.516c-9.379 9.335-24.544 9.317-33.901-.04l-22.667-22.667c-9.373-9.373-9.373-24.569 0-33.941L207.03 130.525c9.372-9.373 24.568-9.373 33.941-.001z\"><\/path><\/svg><br \/>\n\t\t\t<svg aria-hidden=\"true\" viewbox=\"0 0 448 512\" xmlns=\"http:\/\/www.w3.org\/2000\/svg\"><path d=\"M207.029 381.476L12.686 187.132c-9.373-9.373-9.373-24.569 0-33.941l22.667-22.667c9.357-9.357 24.522-9.375 33.901-.04L224 284.505l154.745-154.021c9.379-9.335 24.544-9.317 33.901.04l22.667 22.667c9.373 9.373 9.373 24.569 0 33.941L240.971 381.476c-9.373 9.372-24.569 9.372-33.942 0z\"><\/path><\/svg><br \/>\n\t\t\t\t\t\t<\/summary>\n<p>Cristosal representa a tres familias en el caso de desaparici\u00f3n forzada de San Andr\u00e9s. Cuatro exintegrantes de escuadrones de la muerte enfrentan cargos por la desaparici\u00f3n forzada y tortura de cinco personas en San Miguel en 1981, as\u00ed como por cr\u00edmenes de lesa humanidad.\n\nTras la presentaci\u00f3n de pruebas, el tribunal resolvi\u00f3 enviar el caso a juicio. Sin embargo, la audiencia para fijar la fecha ha sido suspendida en cinco ocasiones y a\u00fan no se ha establecido una nueva. Como el primer caso contra escuadrones de la muerte en tribunales salvadore\u00f1os, este proceso sienta un precedente clave para otros casos de violaciones de derechos humanos cometidas durante la guerra.\u00a0 \u00a0<\/p>\n<\/details>\n<details id=\"e-n-accordion-item-2653\" >\n<summary data-accordion-index=\"4\" tabindex=\"-1\" aria-expanded=\"false\" aria-controls=\"e-n-accordion-item-2653\" >\n<h6> Caso de desaparici\u00f3n forzada \u2013 Familia Guzm\u00e1n <\/h6>\n<p>\t\t\t<svg aria-hidden=\"true\" viewbox=\"0 0 448 512\" xmlns=\"http:\/\/www.w3.org\/2000\/svg\"><path d=\"M240.971 130.524l194.343 194.343c9.373 9.373 9.373 24.569 0 33.941l-22.667 22.667c-9.357 9.357-24.522 9.375-33.901.04L224 227.495 69.255 381.516c-9.379 9.335-24.544 9.317-33.901-.04l-22.667-22.667c-9.373-9.373-9.373-24.569 0-33.941L207.03 130.525c9.372-9.373 24.568-9.373 33.941-.001z\"><\/path><\/svg><br \/>\n\t\t\t<svg aria-hidden=\"true\" viewbox=\"0 0 448 512\" xmlns=\"http:\/\/www.w3.org\/2000\/svg\"><path d=\"M207.029 381.476L12.686 187.132c-9.373-9.373-9.373-24.569 0-33.941l22.667-22.667c9.357-9.357 24.522-9.375 33.901-.04L224 284.505l154.745-154.021c9.379-9.335 24.544-9.317 33.901.04l22.667 22.667c9.373 9.373 9.373 24.569 0 33.941L240.971 381.476c-9.373 9.372-24.569 9.372-33.942 0z\"><\/path><\/svg><br \/>\n\t\t\t\t\t\t<\/summary>\n<p>Cristosal representa a Gloria Guzm\u00e1n en su b\u00fasqueda de justicia por la desaparici\u00f3n de tres familiares a manos de fuerzas armadas durante el conflicto. Tres oficiales militares enfrentan cargos como autores intelectuales.\n\nNuestro equipo ha comenzado a presentar pruebas en la fase de instrucci\u00f3n, aunque las audiencias han sido pospuestas. Tras a\u00f1os de b\u00fasqueda, Gloria acudi\u00f3 a Cristosal con la esperanza de obtener justicia. Su caso es uno de miles de desapariciones ocurridas durante la guerra; una sentencia condenatoria establecer\u00eda un precedente de gran relevancia en El Salvador.\u00a0\u00a0<\/p>\n<\/details>\n<p>Cristosal representa a 99 familiares de v\u00edctimas, as\u00ed como a la Asociaci\u00f3n de Derechos Humanos de El Mozote, en el caso de la masacre de El Mozote. Treinta y cuatro militares enfrentan cargos por la planificaci\u00f3n y ejecuci\u00f3n del asesinato de m\u00e1s de mil personas civiles en 1981.\n\nDurante la etapa de instrucci\u00f3n, nuestro equipo present\u00f3 un amplio conjunto de pruebas, incluyendo testimonios, registros de exhumaciones e informes de inteligencia. A pesar de avances iniciales, el caso se encuentra estancado y las audiencias se han pospuesto repetidamente. Tras un decreto emitido por el presidente Bukele en 2022, que redujo la edad de retiro judicial a 60 a\u00f1os, el juez Jorge Guzm\u00e1n \u2014quien llevaba a\u00f1os a cargo del caso\u2014 fue obligado a dejar el cargo. Actualmente, se espera que la nueva persona juzgadora admita la prueba y resuelva el env\u00edo del caso a juicio.\n\nA pesar de estos retrasos, el proceso ha permitido consolidar un registro contundente de la verdad y ha fortalecido las voces de quienes siguen exigiendo justicia.<\/p>\n<p>Cristosal representa a 49 v\u00edctimas y sus familias en el caso de la masacre de El Calabozo. Seis altos mandos militares enfrentan cargos por la planificaci\u00f3n y ejecuci\u00f3n del asesinato de m\u00e1s de 200 personas civiles en San Vicente en 1982.\n\nTras a\u00f1os de negaci\u00f3n por parte del Estado salvadore\u00f1o, Cristosal impuls\u00f3 acciones para permitir exhumaciones en el sitio de la masacre y recopil\u00f3 horas de testimonios de sobrevivientes y familiares. El caso contin\u00faa en fase de instrucci\u00f3n, en la que se presenta la prueba para su admisi\u00f3n judicial, y a\u00fan no ha sido enviado a juicio.<\/p>\n<p>Cristosal representa a tres familias en el caso de desaparici\u00f3n forzada de San Andr\u00e9s. Cuatro exintegrantes de escuadrones de la muerte enfrentan cargos por la desaparici\u00f3n forzada y tortura de cinco personas en San Miguel en 1981, as\u00ed como por cr\u00edmenes de lesa humanidad.\n\nTras la presentaci\u00f3n de pruebas, el tribunal resolvi\u00f3 enviar el caso a juicio. Sin embargo, la audiencia para fijar la fecha ha sido suspendida en cinco ocasiones y a\u00fan no se ha establecido una nueva. Como el primer caso contra escuadrones de la muerte en tribunales salvadore\u00f1os, este proceso sienta un precedente clave para otros casos de violaciones de derechos humanos cometidas durante la guerra.\u00a0 \u00a0<\/p>\n<p>Cristosal representa a Gloria Guzm\u00e1n en su b\u00fasqueda de justicia por la desaparici\u00f3n de tres familiares a manos de fuerzas armadas durante el conflicto. Tres oficiales militares enfrentan cargos como autores intelectuales.\n\nNuestro equipo ha comenzado a presentar pruebas en la fase de instrucci\u00f3n, aunque las audiencias han sido pospuestas. Tras a\u00f1os de b\u00fasqueda, Gloria acudi\u00f3 a Cristosal con la esperanza de obtener justicia. Su caso es uno de miles de desapariciones ocurridas durante la guerra; una sentencia condenatoria establecer\u00eda un precedente de gran relevancia en El Salvador.\u00a0\u00a0<\/p>\n<h2>Justicia m\u00e1s all\u00e1 de los tribunales<br \/>\n<\/h2>\n<p>Cada a\u00f1o, las comunidades se re\u00fanen para honrar a quienes fueron asesinados en las masacres. Llevan flores, comparten testimonios y transmiten la memoria a las nuevas generaciones.\nPersonas sobrevivientes como Mar\u00eda Lidia y Jos\u00e9 Armando contin\u00faan exigiendo rendici\u00f3n de cuentas d\u00e9cadas despu\u00e9s de los hechos. Sus testimonios mantienen viva la memoria hist\u00f3rica y refuerzan el principio de que estas violaciones no pueden ser borradas.<\/p>\n<p>Sobrevivientes como Mar\u00eda Lidia y Jos\u00e9 Armando siguen exigiendo justicia d\u00e9cadas despu\u00e9s de que ocurrieron los cr\u00edmenes. Su testimonio mantiene viva la memoria hist\u00f3rica y refuerza el principio de que estas violaciones no pueden borrarse.<\/p>\n<p>\t\t\t\t\t\t\t\t\t\t\t\t\t<img loading=\"lazy\" decoding=\"async\" width=\"2560\" height=\"1920\" src=\"https:\/\/cristosal.org\/wp-content\/uploads\/2026\/03\/file_cBAQB_IMG_7629-scaled.jpg\" alt=\"\" srcset=\"https:\/\/cristosal.org\/wp-content\/uploads\/2026\/03\/file_cBAQB_IMG_7629-scaled.jpg 2560w, https:\/\/cristosal.org\/wp-content\/uploads\/2026\/03\/file_cBAQB_IMG_7629-300x225.jpg 300w, https:\/\/cristosal.org\/wp-content\/uploads\/2026\/03\/file_cBAQB_IMG_7629-1024x768.jpg 1024w, https:\/\/cristosal.org\/wp-content\/uploads\/2026\/03\/file_cBAQB_IMG_7629-768x576.jpg 768w, https:\/\/cristosal.org\/wp-content\/uploads\/2026\/03\/file_cBAQB_IMG_7629-1536x1152.jpg 1536w, https:\/\/cristosal.org\/wp-content\/uploads\/2026\/03\/file_cBAQB_IMG_7629-2048x1536.jpg 2048w\" sizes=\"(max-width: 2560px) 100vw, 2560px\" \/>\t\t\t\t\t\t\t\t\t\t\t\t\t\t\t\t<\/p>\n<h2>La rendici\u00f3n de cuentas contin\u00faa<br \/>\n<\/h2>\n<p>Los esfuerzos por la rendici\u00f3n de cuentas no terminaron con el conflicto armado. En el contexto actual \u2014incluyendo reg\u00edmenes de excepci\u00f3n en Honduras y El Salvador\u2014 Cristosal contin\u00faa documentando patrones de violaciones graves a los derechos humanos y desarrollando estrategias legales para enfrentar estos abusos.<\/p>\n<p>La acci\u00f3n legal sostenida, la documentaci\u00f3n y la incidencia p\u00fablica siguen siendo esenciales para garantizar que estas violaciones sean reconocidas y no vuelvan a repetirse.<\/p>","protected":false},"excerpt":{"rendered":"<p>Accountability for Grave Violations. Justice That Endures. Transitional justice is a central part of Cristosal\u2019s work in Central America. We accompany victims of grave human rights violations as they seek truth, accountability, reparations, and assurances that these crimes will not happen again. Each case contributes to establishing the historical record, ensuring that past abuses are [&hellip;]<\/p>\n","protected":false},"author":2,"featured_media":18935,"parent":0,"menu_order":0,"comment_status":"closed","ping_status":"closed","template":"","meta":{"_seopress_robots_primary_cat":"","_seopress_titles_title":"Transitional Justice","_seopress_titles_desc":"Cristosal accompanies victims seeking truth, accountability, and reparations for grave human rights violations to ensure justice that endures.","_seopress_robots_index":"","inline_featured_image":false,"footnotes":""},"class_list":["post-124","page","type-page","status-publish","has-post-thumbnail","hentry"],"_links":{"self":[{"href":"https:\/\/cristosal.org\/es\/wp-json\/wp\/v2\/pages\/124","targetHints":{"allow":["GET"]}}],"collection":[{"href":"https:\/\/cristosal.org\/es\/wp-json\/wp\/v2\/pages"}],"about":[{"href":"https:\/\/cristosal.org\/es\/wp-json\/wp\/v2\/types\/page"}],"author":[{"embeddable":true,"href":"https:\/\/cristosal.org\/es\/wp-json\/wp\/v2\/users\/2"}],"replies":[{"embeddable":true,"href":"https:\/\/cristosal.org\/es\/wp-json\/wp\/v2\/comments?post=124"}],"version-history":[{"count":0,"href":"https:\/\/cristosal.org\/es\/wp-json\/wp\/v2\/pages\/124\/revisions"}],"wp:featuredmedia":[{"embeddable":true,"href":"https:\/\/cristosal.org\/es\/wp-json\/wp\/v2\/media\/18935"}],"wp:attachment":[{"href":"https:\/\/cristosal.org\/es\/wp-json\/wp\/v2\/media?parent=124"}],"curies":[{"name":"wp","href":"https:\/\/api.w.org\/{rel}","templated":true}]}}