{"id":121,"date":"2026-02-24T19:02:55","date_gmt":"2026-02-24T19:02:55","guid":{"rendered":"https:\/\/cristosal.wpenginepowered.com\/?page_id=121"},"modified":"2026-04-15T18:44:32","modified_gmt":"2026-04-15T18:44:32","slug":"rule-of-law-and-security","status":"publish","type":"page","link":"https:\/\/cristosal.org\/es\/rule-of-law-and-security\/","title":{"rendered":"Estado de derecho y seguridad"},"content":{"rendered":"<div data-elementor-type=\"wp-page\" data-elementor-id=\"121\" class=\"elementor elementor-121\" data-elementor-post-type=\"page\">\n\t\t\t\t<div class=\"elementor-element elementor-element-81460ef e-flex e-con-boxed e-con e-parent\" data-id=\"81460ef\" data-element_type=\"container\" data-e-type=\"container\">\n\t\t\t\t\t<div class=\"e-con-inner\">\n\t\t<div class=\"elementor-element elementor-element-3433e26 e-con-full e-flex e-con e-child\" data-id=\"3433e26\" data-element_type=\"container\" data-e-type=\"container\">\n\t\t<div class=\"elementor-element elementor-element-0e6b0f3 e-con-full e-flex e-con e-child\" data-id=\"0e6b0f3\" data-element_type=\"container\" data-e-type=\"container\">\n\t\t\t\t<div class=\"elementor-element elementor-element-a8b9299 elementor-widget elementor-widget-heading\" data-id=\"a8b9299\" data-element_type=\"widget\" data-e-type=\"widget\" data-widget_type=\"heading.default\">\n\t\t\t\t\t<h2 class=\"elementor-heading-title elementor-size-default\">Defensa de las normas democr\u00e1ticas y la integridad institucional<\/h2>\t\t\t\t<\/div>\n\t\t\t\t<div class=\"elementor-element elementor-element-7e6b321 elementor-widget elementor-widget-text-editor\" data-id=\"7e6b321\" data-element_type=\"widget\" data-e-type=\"widget\" data-widget_type=\"text-editor.default\">\n\t\t\t\t\t\t\t\t\t<p>Cristosal trabaja para proteger el Estado de derecho en contextos donde las instituciones democr\u00e1ticas est\u00e1n bajo presi\u00f3n. El debilitamiento de la independencia judicial, la concentraci\u00f3n del poder en el Ejecutivo y la prolongaci\u00f3n de medidas de excepci\u00f3n transforman la forma en que se aplican las leyes y se garantizan los derechos.<br \/><br \/>Este trabajo busca asegurar que las garant\u00edas constitucionales, el debido proceso y los mecanismos de control institucional sigan funcionando en la pr\u00e1ctica.<\/p>\t\t\t\t\t\t\t\t<\/div>\n\t\t\t\t<\/div>\n\t\t<div class=\"elementor-element elementor-element-4950384 e-con-full e-flex e-con e-child\" data-id=\"4950384\" data-element_type=\"container\" data-e-type=\"container\">\n\t\t\t\t<div class=\"elementor-element elementor-element-456829d elementor-widget elementor-widget-image\" data-id=\"456829d\" data-element_type=\"widget\" data-e-type=\"widget\" data-widget_type=\"image.default\">\n\t\t\t\t\t\t\t\t\t\t\t\t\t\t\t<img alt=\"\" fetchpriority=\"high\" decoding=\"async\" width=\"2560\" height=\"1707\" src=\"https:\/\/cristosal.org\/wp-content\/uploads\/2026\/04\/p2-scaled.jpg\" class=\"attachment-full size-full wp-image-19319\" srcset=\"https:\/\/cristosal.org\/wp-content\/uploads\/2026\/04\/p2-scaled.jpg 2560w, https:\/\/cristosal.org\/wp-content\/uploads\/2026\/04\/p2-300x200.jpg 300w, https:\/\/cristosal.org\/wp-content\/uploads\/2026\/04\/p2-1024x683.jpg 1024w, https:\/\/cristosal.org\/wp-content\/uploads\/2026\/04\/p2-768x512.jpg 768w, https:\/\/cristosal.org\/wp-content\/uploads\/2026\/04\/p2-1536x1024.jpg 1536w, https:\/\/cristosal.org\/wp-content\/uploads\/2026\/04\/p2-2048x1365.jpg 2048w, https:\/\/cristosal.org\/wp-content\/uploads\/2026\/04\/p2-18x12.jpg 18w\" sizes=\"(max-width: 2560px) 100vw, 2560px\" \/>\t\t\t\t\t\t\t\t\t\t\t\t\t\t\t<\/div>\n\t\t\t\t<\/div>\n\t\t\t\t<\/div>\n\t\t\t\t\t<\/div>\n\t\t\t\t<\/div>\n\t\t<div class=\"elementor-element elementor-element-173d98a e-flex e-con-boxed e-con e-parent\" data-id=\"173d98a\" data-element_type=\"container\" data-e-type=\"container\">\n\t\t\t\t\t<div class=\"e-con-inner\">\n\t\t<div class=\"elementor-element elementor-element-cdf63d0 e-con-full e-flex e-con e-child\" data-id=\"cdf63d0\" data-element_type=\"container\" data-e-type=\"container\">\n\t\t\t\t<div class=\"elementor-element elementor-element-b53c05f elementor-widget elementor-widget-heading\" data-id=\"b53c05f\" data-element_type=\"widget\" data-e-type=\"widget\" data-widget_type=\"heading.default\">\n\t\t\t\t\t<h2 class=\"elementor-heading-title elementor-size-default\">C\u00f3mo documentamos estos procesos<\/h2>\t\t\t\t<\/div>\n\t\t\t\t<\/div>\n\t\t<div class=\"elementor-element elementor-element-bd25e06 e-con-full e-flex e-con e-child\" data-id=\"bd25e06\" data-element_type=\"container\" data-e-type=\"container\">\n\t\t<div class=\"elementor-element elementor-element-e9a8143 e-con-full e-flex e-con e-child\" data-id=\"e9a8143\" data-element_type=\"container\" data-e-type=\"container\">\n\t\t\t\t<div class=\"elementor-element elementor-element-58d62e1 elementor-widget elementor-widget-heading\" data-id=\"58d62e1\" data-element_type=\"widget\" data-e-type=\"widget\" data-widget_type=\"heading.default\">\n\t\t\t\t\t<h4 class=\"elementor-heading-title elementor-size-default\">Monitoreo de cambios institucionales<\/h4>\t\t\t\t<\/div>\n\t\t\t\t<div class=\"elementor-element elementor-element-ba00028 elementor-widget-divider--view-line elementor-widget elementor-widget-divider\" data-id=\"ba00028\" data-element_type=\"widget\" data-e-type=\"widget\" data-widget_type=\"divider.default\">\n\t\t\t\t\t\t\t<div class=\"elementor-divider\">\n\t\t\t<span class=\"elementor-divider-separator\">\n\t\t\t\t\t\t<\/span>\n\t\t<\/div>\n\t\t\t\t\t\t<\/div>\n\t\t\t\t<div class=\"elementor-element elementor-element-5c858be elementor-widget elementor-widget-text-editor\" data-id=\"5c858be\" data-element_type=\"widget\" data-e-type=\"widget\" data-widget_type=\"text-editor.default\">\n\t\t\t\t\t\t\t\t\t<p>Cristosal da seguimiento a reformas legales, transformaciones dentro de las instituciones p\u00fablicas y decisiones de gobierno que afectan la separaci\u00f3n de poderes y los sistemas de control. Este monitoreo permite identificar c\u00f3mo estos cambios impactan el acceso a la justicia y las garant\u00edas constitucionales.<\/p>\t\t\t\t\t\t\t\t<\/div>\n\t\t\t\t<\/div>\n\t\t<div class=\"elementor-element elementor-element-1eb5def e-con-full e-flex e-con e-child\" data-id=\"1eb5def\" data-element_type=\"container\" data-e-type=\"container\">\n\t\t\t\t<div class=\"elementor-element elementor-element-3a218a8 elementor-widget elementor-widget-heading\" data-id=\"3a218a8\" data-element_type=\"widget\" data-e-type=\"widget\" data-widget_type=\"heading.default\">\n\t\t\t\t\t<h4 class=\"elementor-heading-title elementor-size-default\">An\u00e1lisis del uso de facultades de seguridad\n<\/h4>\t\t\t\t<\/div>\n\t\t\t\t<div class=\"elementor-element elementor-element-b5ed16d elementor-widget-divider--view-line elementor-widget elementor-widget-divider\" data-id=\"b5ed16d\" data-element_type=\"widget\" data-e-type=\"widget\" data-widget_type=\"divider.default\">\n\t\t\t\t\t\t\t<div class=\"elementor-divider\">\n\t\t\t<span class=\"elementor-divider-separator\">\n\t\t\t\t\t\t<\/span>\n\t\t<\/div>\n\t\t\t\t\t\t<\/div>\n\t\t\t\t<div class=\"elementor-element elementor-element-cbd686a elementor-widget elementor-widget-text-editor\" data-id=\"cbd686a\" data-element_type=\"widget\" data-e-type=\"widget\" data-widget_type=\"text-editor.default\">\n\t\t\t\t\t\t\t\t\t<p>Las pol\u00edticas de seguridad influyen directamente en el ejercicio de los derechos. Cristosal examina pr\u00e1cticas de detenci\u00f3n, medidas de excepci\u00f3n y estrategias de control para evaluar si el ejercicio del poder estatal se mantiene dentro de los est\u00e1ndares constitucionales y las obligaciones internacionales en materia de derechos humanos.<\/p>\t\t\t\t\t\t\t\t<\/div>\n\t\t\t\t<\/div>\n\t\t<div class=\"elementor-element elementor-element-3d86bc9 e-con-full e-flex e-con e-child\" data-id=\"3d86bc9\" data-element_type=\"container\" data-e-type=\"container\">\n\t\t\t\t<div class=\"elementor-element elementor-element-9b0530d elementor-widget elementor-widget-heading\" data-id=\"9b0530d\" data-element_type=\"widget\" data-e-type=\"widget\" data-widget_type=\"heading.default\">\n\t\t\t\t\t<h4 class=\"elementor-heading-title elementor-size-default\">Incidencia a trav\u00e9s de v\u00edas legales<\/h4>\t\t\t\t<\/div>\n\t\t\t\t<div class=\"elementor-element elementor-element-059305b elementor-widget-divider--view-line elementor-widget elementor-widget-divider\" data-id=\"059305b\" data-element_type=\"widget\" data-e-type=\"widget\" data-widget_type=\"divider.default\">\n\t\t\t\t\t\t\t<div class=\"elementor-divider\">\n\t\t\t<span class=\"elementor-divider-separator\">\n\t\t\t\t\t\t<\/span>\n\t\t<\/div>\n\t\t\t\t\t\t<\/div>\n\t\t\t\t<div class=\"elementor-element elementor-element-9e7038d elementor-widget elementor-widget-text-editor\" data-id=\"9e7038d\" data-element_type=\"widget\" data-e-type=\"widget\" data-widget_type=\"text-editor.default\">\n\t\t\t\t\t\t\t\t\t<p>Los hallazgos de este trabajo orientan estrategias legales, el relacionamiento institucional y acciones de rendici\u00f3n de cuentas p\u00fablica. Cuando las decisiones institucionales debilitan el debido proceso o los controles democr\u00e1ticos, Cristosal responde mediante an\u00e1lisis jur\u00eddico, documentaci\u00f3n e incidencia estrat\u00e9gica.<\/p>\t\t\t\t\t\t\t\t<\/div>\n\t\t\t\t<\/div>\n\t\t\t\t<\/div>\n\t\t\t\t\t<\/div>\n\t\t\t\t<\/div>\n\t\t<div class=\"elementor-element elementor-element-3cf6aed e-flex e-con-boxed e-con e-parent\" data-id=\"3cf6aed\" data-element_type=\"container\" data-e-type=\"container\">\n\t\t\t\t\t<div class=\"e-con-inner\">\n\t\t<div class=\"elementor-element elementor-element-af9267a e-con-full e-flex e-con e-child\" data-id=\"af9267a\" data-element_type=\"container\" data-e-type=\"container\">\n\t\t\t\t<div class=\"elementor-element elementor-element-6c17620 elementor-widget elementor-widget-heading\" data-id=\"6c17620\" data-element_type=\"widget\" data-e-type=\"widget\" data-widget_type=\"heading.default\">\n\t\t\t\t\t<h2 class=\"elementor-heading-title elementor-size-default\">Publicaciones<\/h2>\t\t\t\t<\/div>\n\t\t\t\t<div class=\"elementor-element elementor-element-5deff23 elementor-widget__width-initial elementor-widget elementor-widget-text-editor\" data-id=\"5deff23\" data-element_type=\"widget\" data-e-type=\"widget\" data-widget_type=\"text-editor.default\">\n\t\t\t\t\t\t\t\t\t<div class=\"docos-replyview-body docos-anchoredreplyview-body docos-replyview-body-emoji-reactable\" dir=\"ltr\">Cristosal produce investigaciones y an\u00e1lisis que documentan cambios institucionales, reformas legales y pr\u00e1cticas de seguridad en la regi\u00f3n. Estas publicaciones ofrecen evaluaciones basadas en evidencia sobre c\u00f3mo las decisiones de gobierno afectan las instituciones democr\u00e1ticas, el debido proceso y la protecci\u00f3n de los derechos.<\/div>\t\t\t\t\t\t\t\t<\/div>\n\t\t<div class=\"elementor-element elementor-element-4adadaa e-grid e-con-full e-con e-child\" data-id=\"4adadaa\" data-element_type=\"container\" data-e-type=\"container\">\n\t\t<div class=\"elementor-element elementor-element-82bdb1f e-con-full e-flex e-con e-child\" data-id=\"82bdb1f\" data-element_type=\"container\" data-e-type=\"container\" data-settings=\"{&quot;background_background&quot;:&quot;classic&quot;}\">\n\t\t<div class=\"elementor-element elementor-element-72ce208 e-con-full e-flex e-con e-child\" data-id=\"72ce208\" data-element_type=\"container\" data-e-type=\"container\">\n\t\t\t\t<div class=\"elementor-element elementor-element-1421332 elementor-view-default elementor-widget elementor-widget-icon\" data-id=\"1421332\" data-element_type=\"widget\" data-e-type=\"widget\" data-widget_type=\"icon.default\">\n\t\t\t\t\t\t\t<div class=\"elementor-icon-wrapper\">\n\t\t\t<div class=\"elementor-icon\">\n\t\t\t<svg xmlns=\"http:\/\/www.w3.org\/2000\/svg\" width=\"50\" height=\"41\" viewbox=\"0 0 50 41\" fill=\"none\"><g clip-path=\"url(#clip0_5981_2450)\"><path d=\"M23.5752 7.04688V37.965\" stroke=\"#293B80\" stroke-width=\"2.05\" stroke-linecap=\"round\" stroke-linejoin=\"round\"><\/path><path d=\"M17.5913 37.9648H29.5018\" stroke=\"#293B80\" stroke-width=\"2.05\" stroke-linecap=\"round\" stroke-linejoin=\"round\"><\/path><path d=\"M1.6377 19.5153L8.6159 3.17676L15.5715 19.5153\" stroke=\"#293B80\" stroke-width=\"2.05\" stroke-linecap=\"round\" stroke-linejoin=\"round\"><\/path><path fill-rule=\"evenodd\" clip-rule=\"evenodd\" d=\"M26.5679 4.05638C26.5679 5.71073 25.2272 7.04733 23.5749 7.04733C21.9226 7.04733 20.584 5.71073 20.584 4.05638C20.584 2.40408 21.9226 1.06543 23.5749 1.06543C25.2272 1.06543 26.5679 2.40408 26.5679 4.05638V4.05638Z\" stroke=\"#293B80\" stroke-width=\"2.05\" stroke-linecap=\"round\" stroke-linejoin=\"round\"><\/path><path fill-rule=\"evenodd\" clip-rule=\"evenodd\" d=\"M8.61697 26.9937C12.473 26.9937 15.5972 23.8675 15.5972 19.5215H1.63672C1.63672 23.8675 4.76092 26.9937 8.61697 26.9937V26.9937Z\" stroke=\"#293B80\" stroke-width=\"2.05\" stroke-linecap=\"round\" stroke-linejoin=\"round\"><\/path><path d=\"M47.5066 19.5147L40.5304 3.125L33.542 19.5147\" stroke=\"#293B80\" stroke-width=\"2.05\" stroke-linecap=\"round\" stroke-linejoin=\"round\"><\/path><path fill-rule=\"evenodd\" clip-rule=\"evenodd\" d=\"M40.5301 26.9937C36.674 26.9937 33.5498 23.8675 33.5498 19.5215H47.5103C47.5103 23.8675 44.3861 26.9937 40.5301 26.9937V26.9937Z\" stroke=\"#293B80\" stroke-width=\"2.05\" stroke-linecap=\"round\" stroke-linejoin=\"round\"><\/path><path d=\"M20.7181 3.15332H5.57471\" stroke=\"#293B80\" stroke-width=\"2.05\" stroke-linecap=\"round\" stroke-linejoin=\"round\"><\/path><path d=\"M26.4097 3.10547H43.521\" stroke=\"#293B80\" stroke-width=\"2.05\" stroke-linecap=\"round\" stroke-linejoin=\"round\"><\/path><\/g><defs><clippath id=\"clip0_5981_2450\"><rect width=\"49.2\" height=\"41\" fill=\"white\"><\/rect><\/clippath><\/defs><\/svg>\t\t\t<\/div>\n\t\t<\/div>\n\t\t\t\t\t\t<\/div>\n\t\t\t\t<div class=\"elementor-element elementor-element-f399af3 elementor-widget elementor-widget-heading\" data-id=\"f399af3\" data-element_type=\"widget\" data-e-type=\"widget\" data-widget_type=\"heading.default\">\n\t\t\t\t\t<h6 class=\"elementor-heading-title elementor-size-default\">Estado de derecho<\/h6>\t\t\t\t<\/div>\n\t\t\t\t<\/div>\n\t\t\t\t<div class=\"elementor-element elementor-element-6465d30 elementor-widget elementor-widget-button\" data-id=\"6465d30\" data-element_type=\"widget\" data-e-type=\"widget\" data-widget_type=\"button.default\">\n\t\t\t\t\t\t\t\t\t\t<a class=\"elementor-button elementor-button-link elementor-size-sm\" href=\"https:\/\/cristosal.org\/es\/rule-of-law-2\/\">\n\t\t\t\t\t\t<span class=\"elementor-button-content-wrapper\">\n\t\t\t\t\t\t\t\t\t<span class=\"elementor-button-text\">M\u00e1s informaci\u00f3n \u2192<\/span>\n\t\t\t\t\t<\/span>\n\t\t\t\t\t<\/a>\n\t\t\t\t\t\t\t\t<\/div>\n\t\t\t\t<\/div>\n\t\t<div class=\"elementor-element elementor-element-5245db4 e-con-full e-flex e-con e-child\" data-id=\"5245db4\" data-element_type=\"container\" data-e-type=\"container\" data-settings=\"{&quot;background_background&quot;:&quot;classic&quot;}\">\n\t\t<div class=\"elementor-element elementor-element-5fc0379 e-con-full e-flex e-con e-child\" data-id=\"5fc0379\" data-element_type=\"container\" data-e-type=\"container\">\n\t\t\t\t<div class=\"elementor-element elementor-element-fa5ca42 elementor-view-default elementor-widget elementor-widget-icon\" data-id=\"fa5ca42\" data-element_type=\"widget\" data-e-type=\"widget\" data-widget_type=\"icon.default\">\n\t\t\t\t\t\t\t<div class=\"elementor-icon-wrapper\">\n\t\t\t<div class=\"elementor-icon\">\n\t\t\t<svg xmlns=\"http:\/\/www.w3.org\/2000\/svg\" width=\"47\" height=\"45\" viewbox=\"0 0 47 45\" fill=\"none\"><g clip-path=\"url(#clip0_5981_2490)\"><path fill-rule=\"evenodd\" clip-rule=\"evenodd\" d=\"M14.4222 18.2686H6.73032L4.82274 25.9489C2.47865 27.7045 0.961426 30.5005 0.961426 33.6523C0.961426 38.9616 5.26694 43.2671 10.5763 43.2671C15.8875 43.2671 20.1911 38.9616 20.1911 33.6523C20.1911 30.2871 18.6142 27.8065 16.3451 26.0469L14.4222 18.2686V18.2686Z\" stroke=\"#293B80\" stroke-width=\"1.92297\" stroke-linejoin=\"round\"><\/path><path fill-rule=\"evenodd\" clip-rule=\"evenodd\" d=\"M15.3839 33.6521C15.3839 36.3078 13.234 38.4596 10.5765 38.4596C7.92084 38.4596 5.76904 36.3078 5.76904 33.6521C5.76904 30.9965 7.92084 28.8447 10.5765 28.8447C13.234 28.8447 15.3839 30.9965 15.3839 33.6521V33.6521Z\" stroke=\"#293B80\" stroke-width=\"1.92297\" stroke-linejoin=\"round\"><\/path><path fill-rule=\"evenodd\" clip-rule=\"evenodd\" d=\"M39.421 18.2686H31.7291L29.8215 25.9489C27.4774 27.7045 25.9602 30.5005 25.9602 33.6523C25.9602 38.9616 30.2657 43.2671 35.575 43.2671C40.8863 43.2671 45.1899 38.9616 45.1899 33.6523C45.1899 30.2871 43.613 27.8065 41.3439 26.0469L39.421 18.2686V18.2686Z\" stroke=\"#293B80\" stroke-width=\"1.92297\" stroke-linejoin=\"round\"><\/path><path fill-rule=\"evenodd\" clip-rule=\"evenodd\" d=\"M40.3824 33.6521C40.3824 36.3078 38.2325 38.4596 35.575 38.4596C32.9194 38.4596 30.7676 36.3078 30.7676 33.6521C30.7676 30.9965 32.9194 28.8447 35.575 28.8447C38.2325 28.8447 40.3824 30.9965 40.3824 33.6521V33.6521Z\" stroke=\"#293B80\" stroke-width=\"1.92297\" stroke-linejoin=\"round\"><\/path><path d=\"M10.5764 18.2686V13.4612C10.5764 6.55967 16.1742 0.961914 23.0757 0.961914C29.9791 0.961914 35.575 6.55967 35.575 13.4612V18.2686\" stroke=\"#293B80\" stroke-width=\"1.92297\" stroke-linejoin=\"round\"><\/path><path fill-rule=\"evenodd\" clip-rule=\"evenodd\" d=\"M14.4222 18.2686H6.73032L4.82274 25.9489C2.47865 27.7045 0.961426 30.5005 0.961426 33.6523C0.961426 38.9616 5.26694 43.2671 10.5763 43.2671C15.8875 43.2671 20.1911 38.9616 20.1911 33.6523C20.1911 30.2871 18.6142 27.8065 16.3451 26.0469L14.4222 18.2686V18.2686Z\" stroke=\"#293B80\" stroke-width=\"1.92297\" stroke-linejoin=\"round\"><\/path><path fill-rule=\"evenodd\" clip-rule=\"evenodd\" d=\"M15.3839 33.6521C15.3839 36.3078 13.234 38.4596 10.5765 38.4596C7.92084 38.4596 5.76904 36.3078 5.76904 33.6521C5.76904 30.9965 7.92084 28.8447 10.5765 28.8447C13.234 28.8447 15.3839 30.9965 15.3839 33.6521V33.6521Z\" stroke=\"#293B80\" stroke-width=\"1.92297\" stroke-linejoin=\"round\"><\/path><path fill-rule=\"evenodd\" clip-rule=\"evenodd\" d=\"M39.421 18.2686H31.7291L29.8215 25.9489C27.4774 27.7045 25.9602 30.5005 25.9602 33.6523C25.9602 38.9616 30.2657 43.2671 35.575 43.2671C40.8863 43.2671 45.1899 38.9616 45.1899 33.6523C45.1899 30.2871 43.613 27.8065 41.3439 26.0469L39.421 18.2686V18.2686Z\" stroke=\"#293B80\" stroke-width=\"1.92297\" stroke-linejoin=\"round\"><\/path><path fill-rule=\"evenodd\" clip-rule=\"evenodd\" d=\"M40.3824 33.6521C40.3824 36.3078 38.2325 38.4596 35.575 38.4596C32.9194 38.4596 30.7676 36.3078 30.7676 33.6521C30.7676 30.9965 32.9194 28.8447 35.575 28.8447C38.2325 28.8447 40.3824 30.9965 40.3824 33.6521V33.6521Z\" stroke=\"#293B80\" stroke-width=\"1.92297\" stroke-linejoin=\"round\"><\/path><path d=\"M10.5764 18.2686V13.4612C10.5764 6.55967 16.1742 0.961914 23.0757 0.961914C29.9791 0.961914 35.575 6.55967 35.575 13.4612V18.2686\" stroke=\"#293B80\" stroke-width=\"1.92297\" stroke-linejoin=\"round\"><\/path><\/g><defs><clippath id=\"clip0_5981_2490\"><rect width=\"46.1512\" height=\"44.2282\" fill=\"white\"><\/rect><\/clippath><\/defs><\/svg>\t\t\t<\/div>\n\t\t<\/div>\n\t\t\t\t\t\t<\/div>\n\t\t\t\t<div class=\"elementor-element elementor-element-52c4d6b elementor-widget elementor-widget-heading\" data-id=\"52c4d6b\" data-element_type=\"widget\" data-e-type=\"widget\" data-widget_type=\"heading.default\">\n\t\t\t\t\t<h6 class=\"elementor-heading-title elementor-size-default\">Estado de excepci\u00f3n<\/h6>\t\t\t\t<\/div>\n\t\t\t\t<\/div>\n\t\t\t\t<div class=\"elementor-element elementor-element-8684a66 elementor-widget elementor-widget-button\" data-id=\"8684a66\" data-element_type=\"widget\" data-e-type=\"widget\" data-widget_type=\"button.default\">\n\t\t\t\t\t\t\t\t\t\t<a class=\"elementor-button elementor-button-link elementor-size-sm\" href=\"https:\/\/cristosal.org\/es\/state-of-exception\/\">\n\t\t\t\t\t\t<span class=\"elementor-button-content-wrapper\">\n\t\t\t\t\t\t\t\t\t<span class=\"elementor-button-text\">M\u00e1s informaci\u00f3n \u2192<\/span>\n\t\t\t\t\t<\/span>\n\t\t\t\t\t<\/a>\n\t\t\t\t\t\t\t\t<\/div>\n\t\t\t\t<\/div>\n\t\t\t\t<\/div>\n\t\t\t\t<\/div>\n\t\t\t\t\t<\/div>\n\t\t\t\t<\/div>\n\t\t\t\t<\/div>","protected":false},"excerpt":{"rendered":"<p>Defending Democratic Norms and Institutional Integrity Cristosal works to protect the rule of law in contexts where democratic institutions are under strain. Erosion of judicial independence, concentration of executive power, and prolonged emergency measures reshape how laws are applied and how rights are protected. This work focuses on ensuring that constitutional guarantees, due process, and [&hellip;]<\/p>\n","protected":false},"author":2,"featured_media":18935,"parent":0,"menu_order":0,"comment_status":"closed","ping_status":"closed","template":"","meta":{"_seopress_robots_primary_cat":"","_seopress_titles_title":"Rule of Law & Security","_seopress_titles_desc":"We monitor institutional changes and security policies to defend democratic norms, due process, and constitutional guarantees across Central America.","_seopress_robots_index":"","inline_featured_image":false,"footnotes":""},"class_list":["post-121","page","type-page","status-publish","has-post-thumbnail","hentry"],"_links":{"self":[{"href":"https:\/\/cristosal.org\/es\/wp-json\/wp\/v2\/pages\/121","targetHints":{"allow":["GET"]}}],"collection":[{"href":"https:\/\/cristosal.org\/es\/wp-json\/wp\/v2\/pages"}],"about":[{"href":"https:\/\/cristosal.org\/es\/wp-json\/wp\/v2\/types\/page"}],"author":[{"embeddable":true,"href":"https:\/\/cristosal.org\/es\/wp-json\/wp\/v2\/users\/2"}],"replies":[{"embeddable":true,"href":"https:\/\/cristosal.org\/es\/wp-json\/wp\/v2\/comments?post=121"}],"version-history":[{"count":0,"href":"https:\/\/cristosal.org\/es\/wp-json\/wp\/v2\/pages\/121\/revisions"}],"wp:featuredmedia":[{"embeddable":true,"href":"https:\/\/cristosal.org\/es\/wp-json\/wp\/v2\/media\/18935"}],"wp:attachment":[{"href":"https:\/\/cristosal.org\/es\/wp-json\/wp\/v2\/media?parent=121"}],"curies":[{"name":"wp","href":"https:\/\/api.w.org\/{rel}","templated":true}]}}